{"id":63,"date":"2023-01-12T10:08:00","date_gmt":"2023-01-12T09:08:00","guid":{"rendered":"http:\/\/mlcpree.cluster029.hosting.ovh.net\/?page_id=63"},"modified":"2023-01-12T10:08:00","modified_gmt":"2023-01-12T09:08:00","slug":"lentretien-dembauche","status":"publish","type":"page","link":"https:\/\/latetedelemploi.be\/index.php\/lentretien-dembauche\/","title":{"rendered":"L\u2019entretien d\u2019embauche"},"content":{"rendered":"\n<p><em><strong>Bien s\u2019y pr\u00e9parer, c\u2019est mettre toutes les chances de votre c\u00f4t\u00e9.&nbsp;<\/strong><\/em>Comment s\u2019y prendre?<\/p>\n\n\n\n<p><strong>Pr\u00e9parez votre dossier de candidature&nbsp;:<\/strong><\/p>\n\n\n\n<p>\u2013 Relisez et apportez avec vous l\u2019annonce \u00e0 laquelle vous avez r\u00e9pondu, votre CV et votre lettre de motivation de fa\u00e7on \u00e0 pouvoir en expliquer chaque point.<strong><\/strong><\/p>\n\n\n\n<p>\u2013 Apportez vos dipl\u00f4mes, lettres de recommandations et une copie de vos aides \u00e0 l\u2019emploi (Activa, Win-Win, passeport APE, \u2026).<strong><\/strong><\/p>\n\n\n\n<p>\u2013 Apportez \u00e9galement de quoi noter.<strong><\/strong><\/p>\n\n\n\n<p><strong>Anticipez les questions de l\u2019employeur, entrainez-vous \u00e0 y r\u00e9pondre&nbsp;:<\/strong><\/p>\n\n\n\n<p>\u2013 Pr\u00e9parez une liste de qualit\u00e9s et de d\u00e9fauts (cette question revient r\u00e9guli\u00e8rement).<strong><\/strong><\/p>\n\n\n\n<p>\u2013 Vous pouvez pr\u00e9parer une br\u00e8ve pr\u00e9sentation de vous et de vos parcours scolaires et professionnels.<strong><\/strong><\/p>\n\n\n\n<p><strong>Pensez \u00e0 v\u00e9rifier l\u2019itin\u00e9raire pour \u00e9viter les retards&nbsp;:<\/strong><\/p>\n\n\n\n<p>\u2013 Vous pouvez rep\u00e9rer \u00e0 l\u2019avance le lieu du rendez-vous.<\/p>\n\n\n\n<p>\u2013 Pensez \u00e0 partir suffisamment t\u00f4t pour \u00e9viter les impr\u00e9vus et le stress.<\/p>\n\n\n\n<p><strong>Pendant l\u2019entretien d\u2019embauche<\/strong><\/p>\n\n\n\n<p>L\u2019entretien d\u2019embauche est un \u00e9change entre deux personnes&nbsp;: l\u2019une cherche la personne la plus comp\u00e9tente pour le poste qu\u2019elle offre et la seconde cherche le travail qui lui pla\u00eet.<\/p>\n\n\n\n<p>Elle a des qualit\u00e9s et va le d\u00e9montrer&nbsp;!<\/p>\n\n\n\n<p><strong>Mettez-vous en condition&nbsp;:&nbsp;<\/strong><em>(quelques conseils)<\/em><\/p>\n\n\n\n<p>\u2013 Le d\u00e9jeuner peut vous aider \u00e0 avoir plus d\u2019\u00e9nergie.<\/p>\n\n\n\n<p>\u2013 Soignez votre pr\u00e9sentation physique (tenue, hygi\u00e8ne, \u2026).<\/p>\n\n\n\n<p><strong>Votre arriv\u00e9e&nbsp;:<\/strong><\/p>\n\n\n\n<p>\u2013 Soyez ponctuel. Il est bon d\u2019arriver 5 min avant l\u2019heure du rendez-vous.<\/p>\n\n\n\n<p>\u2013 Il est imp\u00e9ratif de pr\u00e9venir l\u2019employeur en cas de retard (m\u00eame pour 10 min).<\/p>\n\n\n\n<p>\u2013 Saluez les personnes que vous rencontrez. D\u2019abord parce que c\u2019est une marque de respect, ensuite parce que vous pouvez croiser votre employeur sans le savoir.<\/p>\n\n\n\n<p>\u2013 Coupez votre gsm.<\/p>\n\n\n\n<p><strong>&nbsp;Veillez \u00e0 votre non-verbal<\/strong><\/p>\n\n\n\n<p>\u2013 Ayez une d\u00e9marche assur\u00e9e et une posture affirm\u00e9e&nbsp;; elles d\u00e9montrent une confiance en vous et votre motivation. Tenez-vous par exemple le dos droit.<strong><\/strong><\/p>\n\n\n\n<p>\u2013 Pensez que vous avez peut-\u00eatre des mimiques et des tics de stress. Essayez de les contr\u00f4ler.<\/p>\n\n\n\n<p>\u2013 Attendez toujours avant de vous asseoir d\u2019y \u00eatre invit\u00e9.<\/p>\n\n\n\n<p>\u2013 La poign\u00e9e de main doit \u00eatre ferme.<\/p>\n\n\n\n<p>\u2013 Il est important de bien regarder son interlocuteur en face.<\/p>\n\n\n\n<p>\u2013 Affichez toujours un air positif&nbsp;; souriez&nbsp;!<\/p>\n\n\n\n<p><strong>Soignez votre discours<\/strong><\/p>\n\n\n\n<p>\u2013 Parlez toujours de votre parcours de fa\u00e7on positive.<\/p>\n\n\n\n<p>\u2013 Ne critiquez pas vos anciens employeurs.<\/p>\n\n\n\n<p>\u2013 Pr\u00e9sentez-vous de fa\u00e7on synth\u00e9tique&nbsp;: parlez des \u00e9tudes, comp\u00e9tences, exp\u00e9riences et qualit\u00e9s directement en lien avec&nbsp; le poste.<\/p>\n\n\n\n<p>\u2013 Si vous ne comprenez pas ou si vous voulez plus d\u2019informations, n\u2019h\u00e9sitez pas \u00e0 poser toutes les questions n\u00e9cessaires. Cela prouvera votre int\u00e9r\u00eat et motivation pour le travail.<\/p>\n\n\n\n<p>Trouvez la liste des&nbsp;<strong><a href=\"http:\/\/www.latetedelemploi.be\/jeunes\/docs\/les-questions-les-plus-souvent-posees.pdf\" target=\"_blank\" rel=\"noreferrer noopener\">questions les plus souvent pos\u00e9es<\/a>.<\/strong><\/p>\n\n\n\n<p><strong>Apr\u00e8s l\u2019entretien d\u2019embauche<\/strong><\/p>\n\n\n\n<p><strong>Relancez\u2026<\/strong><br>Si vous n\u2019avez pas de r\u00e9ponse assez t\u00f4t suite \u00e0 votre entretien, n\u2019h\u00e9sitez pas \u00e0 rappeler l\u2019employeur pour demander des informations.<\/p>\n\n\n\n<p><strong>Demandez des explications\u2026<\/strong><br>Si la r\u00e9ponse est n\u00e9gative, vous pouvez demander les raisons pour lesquelles vous n\u2019avez pas \u00e9t\u00e9 retenu.<\/p>\n\n\n\n<p><strong>Retirez-en des enseignements\u2026<\/strong><br>Quelle qu\u2019en soit l\u2019issue, passer un entretien d\u2019embauche est toujours un bon exercice. Il vous met en rapport avec un employeur qui peut vous faire part de son impression.<\/p>\n\n\n\n<p><strong>Mais relativisez\u2026<\/strong><br>Il est important d\u2019apprendre de ses erreurs. Mais n\u2019oubliez pas que si vous n\u2019avez pas obtenu le poste, cela ne signifie pas pour autant que vous avez rat\u00e9 votre entretien d\u2019embauche.<br>Continuez votre recherche d\u2019emploi et pr\u00e9parez-vous \u00e0 d\u2019autres entretiens. Les prochains porteront peut-\u00eatre leurs fruits.<\/p>\n\n\n\n<p><strong>Bien communiquer<\/strong><\/p>\n\n\n\n<p>Comment faire bonne impression&nbsp;? Comment inspirer confiance&nbsp;?<\/p>\n\n\n\n<p>Il est important de faire attention \u00e0 la fa\u00e7on dont on s\u2019exprime (vitesse de parole, volume et intonation de la voix, la prononciation,\u2026) mais \u00e9galement \u00e0 tout ce qu\u2019on communique sans parler (gestes, attitudes, sourire, regard,\u2026).<\/p>\n\n\n\n<p><strong>Voici quelques conseils utiles pour optimiser votre communication :<\/strong><\/p>\n\n\n\n<p>\u2013 La vitesse de parole&nbsp;: trop rapide, elle est signe de nervosit\u00e9. Trop lente, elle est signe d\u2019apathie.<\/p>\n\n\n\n<p>\u2013 Le volume et l\u2019intonation&nbsp;: veillez \u00e0 vous exprimer de fa\u00e7on pos\u00e9e.<\/p>\n\n\n\n<p>\u2013 Les gestes et attitudes&nbsp;: se tenir bien droit donne g\u00e9n\u00e9ralement une bonne impression.<\/p>\n\n\n\n<p>\u2013 Le sourire&nbsp;: une personne souriante para\u00eet de suite plus sympathique et t\u00e9moigne de sa capacit\u00e9 \u00e0 entrer en communication de fa\u00e7on agr\u00e9able avec les autres.<\/p>\n\n\n\n<p>\u2013 Le regard&nbsp;: regarder votre interlocuteur dans les yeux permet d\u2019\u00e9tablir un contact franc avec lui. Cela montre votre v\u00e9ritable int\u00e9r\u00eat. Au contraire, un regard fuyant traduit votre stress ou manque de confiance.<\/p>\n","protected":false},"excerpt":{"rendered":"<p>Bien s\u2019y pr\u00e9parer, c\u2019est mettre toutes les chances de votre c\u00f4t\u00e9.&nbsp;Comment s\u2019y prendre? Pr\u00e9parez votre dossier de candidature&nbsp;: \u2013 Relisez et apportez avec vous l\u2019annonce \u00e0 laquelle vous avez r\u00e9pondu, votre CV et votre lettre de motivation de fa\u00e7on \u00e0 pouvoir en expliquer chaque point. \u2013 Apportez vos dipl\u00f4mes, lettres de recommandations et une copie [&hellip;]<\/p>\n","protected":false},"author":2,"featured_media":0,"parent":0,"menu_order":0,"comment_status":"closed","ping_status":"closed","template":"","meta":{"footnotes":""},"class_list":["post-63","page","type-page","status-publish","hentry"],"_links":{"self":[{"href":"https:\/\/latetedelemploi.be\/index.php\/wp-json\/wp\/v2\/pages\/63","targetHints":{"allow":["GET"]}}],"collection":[{"href":"https:\/\/latetedelemploi.be\/index.php\/wp-json\/wp\/v2\/pages"}],"about":[{"href":"https:\/\/latetedelemploi.be\/index.php\/wp-json\/wp\/v2\/types\/page"}],"author":[{"embeddable":true,"href":"https:\/\/latetedelemploi.be\/index.php\/wp-json\/wp\/v2\/users\/2"}],"replies":[{"embeddable":true,"href":"https:\/\/latetedelemploi.be\/index.php\/wp-json\/wp\/v2\/comments?post=63"}],"version-history":[{"count":1,"href":"https:\/\/latetedelemploi.be\/index.php\/wp-json\/wp\/v2\/pages\/63\/revisions"}],"predecessor-version":[{"id":64,"href":"https:\/\/latetedelemploi.be\/index.php\/wp-json\/wp\/v2\/pages\/63\/revisions\/64"}],"wp:attachment":[{"href":"https:\/\/latetedelemploi.be\/index.php\/wp-json\/wp\/v2\/media?parent=63"}],"curies":[{"name":"wp","href":"https:\/\/api.w.org\/{rel}","templated":true}]}}