{"id":61,"date":"2023-01-12T10:06:21","date_gmt":"2023-01-12T09:06:21","guid":{"rendered":"http:\/\/mlcpree.cluster029.hosting.ovh.net\/?page_id=61"},"modified":"2023-08-22T14:56:44","modified_gmt":"2023-08-22T12:56:44","slug":"la-lettre-de-motivation","status":"publish","type":"page","link":"https:\/\/latetedelemploi.be\/index.php\/la-lettre-de-motivation\/","title":{"rendered":"La lettre de motivation"},"content":{"rendered":"\n<h3 class=\"wp-block-heading\"><strong>L\u2019objectif de la lettre de motivation est d\u2019inviter l\u2019employeur \u00e0 consulter votre curriculum vitae.<\/strong><\/h3>\n\n\n\n<h3 class=\"wp-block-heading\"><strong>&nbsp;<\/strong><\/h3>\n\n\n\n<p><strong>Comme son nom l\u2019indique, elle d\u00e9montre votre motivation et pr\u00e9sente vos arguments pour convaincre&nbsp; l\u2019employeur de vos atouts.&nbsp;<\/strong><\/p>\n\n\n\n<p>En effet, dans la majorit\u00e9 des cas, l\u2019employeur consultera d\u2019abord votre lettre de motivation. Vous devez donc&nbsp;toujours la transmettre avec votre CV.<\/p>\n\n\n\n<p>Elle doit \u00eatre personnalis\u00e9e c\u2019est-\u00e0-dire adapt\u00e9e \u00e0 l\u2019entreprise et au poste pour lequel vous postulez.<br><em>Exemple&nbsp;: il faut indiquer le nom du directeur si vous le connaissez&nbsp;; vous pouvez parler de l\u2019entreprise et de ses activit\u00e9s&nbsp;; les qualit\u00e9s, comp\u00e9tences et exp\u00e9riences que vous soulignez doivent \u00eatre en lien avec l\u2019emploi,\u2026&nbsp;<\/em><br>Elle se conclura TOUJOURS par une demande de rendez-vous.<\/p>\n\n\n\n<p><strong>Attention \u00e0 la forme&nbsp;!<\/strong><\/p>\n\n\n\n<p>\u2013 Elle est manuscrite (\u00e9crite \u00e0 la main) ou dactylographi\u00e9e (\u00e9crite \u00e0 l\u2019ordinateur)<\/p>\n\n\n\n<p>\u2013 Elle fait maximum une page<\/p>\n\n\n\n<p>\u2013 Elle doit \u00eatre r\u00e9dig\u00e9e de fa\u00e7on soign\u00e9e, sans fautes d\u2019orthographe (n\u2019h\u00e9sitez pas \u00e0 vous faire relire) et de fa\u00e7on structur\u00e9e (en paragraphes, cf. exemple).<\/p>\n\n\n\n<p><strong>Comment la pr\u00e9senter&nbsp;? Structurez votre lettre de la mani\u00e8re suivante:&nbsp;<\/strong><\/p>\n\n\n\n<p>Amorce (paragraphe 1)&nbsp;:<br>Vous parlez de l\u2019entreprise et de ses activit\u00e9s pour prouver que vous la connaissez et\/ou que vous&nbsp;vous \u00eates renseign\u00e9. Cela d\u00e9montre votre motivation.<\/p>\n\n\n\n<p>Si vous ne la connaissez pas ou que ce n\u2019est pas utile (ex : h\u00f4pitaux, maison de repos, \u00e9coles, Horeca,\u2026), introduisez votre candidature.<br>Exemple :&nbsp;<em>Suite \u00e0 l\u2019annonce parue sur le site du Forem, je vous adresse ma candidature\u2026.<\/em><\/p>\n\n\n\n<p>Pourquoi je postule ? (paragraphe 2)&nbsp;:<\/p>\n\n\n\n<p>Parlez de votre motivation, des qualit\u00e9s et comp\u00e9tences que vous avez acquises au cours de vos \u00e9tudes, vos stages, vos exp\u00e9riences professionnelles ou de vos loisirs. Celles-ci doivent \u00eatre en lien avec l\u2019emploi !<\/p>\n\n\n\n<p>Offrir vos services (paragraphe 3)&nbsp;:<\/p>\n\n\n\n<p>Vous proposez de mettre vos comp\u00e9tences au service de l\u2019entreprise.<\/p>\n\n\n\n<p>Exemple :&nbsp;<em>Je souhaiterai pouvoir mettre \u00e0 profit mes comp\u00e9tences au sein de votre entreprise Je pense que mes comp\u00e9tences pourront \u00eatre utiles \u00e0 votre entreprise<\/em><\/p>\n\n\n\n<p>Proposer une rencontre (paragraphe 4)&nbsp;:<\/p>\n\n\n\n<p>Vous demandez un entretien qui vous permettra d\u2019approfondir votre candidature et de montrer toute votre motivation.<br>Exemple :&nbsp;<em>Un entretien me permettrait de vous faire part de mes motivations de vive voix<\/em><\/p>\n\n\n\n<p><em>Je souhaiterais pouvoir vous rencontrer afin de vous parler plus en d\u00e9tail de mes exp\u00e9riences et surtout de ma motivation<\/em>.<\/p>\n\n\n\n<p>N\u2019oubliez pas d\u2019indiquez que vous joignez votre CV.<\/p>\n\n\n\n<p>Formule de politesse&nbsp;:<\/p>\n\n\n\n<p>Exemple :&nbsp;<em>Vous remerciant de l\u2019int\u00e9r\u00eat que vous porterez \u00e0 ma candidature, je vous prie de croire, Madame, Monsieur (Nom ou fonction), en mes sentiments les meilleurs<\/em>.<\/p>\n\n\n\n<h3 class=\"wp-block-heading\">T\u00e9l\u00e9charger les mod\u00e8les de lettres<\/h3>\n\n\n\n<ul class=\"wp-block-list\">\n<li><a href=\"https:\/\/latetedelemploi.be\/wp-content\/uploads\/2023\/08\/Lettre-motivation-modele-1-2019.pdf\" target=\"_blank\" rel=\"noreferrer noopener\">Lettre de motivation 1<\/a><\/li>\n\n\n\n<li><a href=\"https:\/\/latetedelemploi.be\/wp-content\/uploads\/2023\/08\/Lettre-motivation-modele-2-2019.pdf\" target=\"_blank\" rel=\"noreferrer noopener\">Lettre de motivation 2<\/a><\/li>\n\n\n\n<li><a href=\"https:\/\/latetedelemploi.be\/wp-content\/uploads\/2023\/08\/Lettre-motivation-modele-3-2019.pdf\" target=\"_blank\" rel=\"noreferrer noopener\">Lettre de motivation 3<\/a><\/li>\n<\/ul>\n\n\n\n<ul class=\"wp-block-list\">\n<li><a href=\"https:\/\/latetedelemploi.be\/wp-content\/uploads\/2023\/08\/Lettre-motivation-modele-4-2019.pdf\" target=\"_blank\" rel=\"noreferrer noopener\">Lettre de motivation 4<\/a><\/li>\n\n\n\n<li><a href=\"https:\/\/latetedelemploi.be\/wp-content\/uploads\/2023\/08\/Exemple-de-mail-daccompagnement-2019.pdf\" target=\"_blank\" rel=\"noreferrer noopener\">Mail d\u2019accompagnement<\/a><\/li>\n<\/ul>\n","protected":false},"excerpt":{"rendered":"<p>L\u2019objectif de la lettre de motivation est d\u2019inviter l\u2019employeur \u00e0 consulter votre curriculum vitae. &nbsp; Comme son nom l\u2019indique, elle d\u00e9montre votre motivation et pr\u00e9sente vos arguments pour convaincre&nbsp; l\u2019employeur de vos atouts.&nbsp; En effet, dans la majorit\u00e9 des cas, l\u2019employeur consultera d\u2019abord votre lettre de motivation. Vous devez donc&nbsp;toujours la transmettre avec votre CV. [&hellip;]<\/p>\n","protected":false},"author":2,"featured_media":0,"parent":0,"menu_order":0,"comment_status":"closed","ping_status":"closed","template":"","meta":{"footnotes":""},"class_list":["post-61","page","type-page","status-publish","hentry"],"_links":{"self":[{"href":"https:\/\/latetedelemploi.be\/index.php\/wp-json\/wp\/v2\/pages\/61","targetHints":{"allow":["GET"]}}],"collection":[{"href":"https:\/\/latetedelemploi.be\/index.php\/wp-json\/wp\/v2\/pages"}],"about":[{"href":"https:\/\/latetedelemploi.be\/index.php\/wp-json\/wp\/v2\/types\/page"}],"author":[{"embeddable":true,"href":"https:\/\/latetedelemploi.be\/index.php\/wp-json\/wp\/v2\/users\/2"}],"replies":[{"embeddable":true,"href":"https:\/\/latetedelemploi.be\/index.php\/wp-json\/wp\/v2\/comments?post=61"}],"version-history":[{"count":3,"href":"https:\/\/latetedelemploi.be\/index.php\/wp-json\/wp\/v2\/pages\/61\/revisions"}],"predecessor-version":[{"id":1915,"href":"https:\/\/latetedelemploi.be\/index.php\/wp-json\/wp\/v2\/pages\/61\/revisions\/1915"}],"wp:attachment":[{"href":"https:\/\/latetedelemploi.be\/index.php\/wp-json\/wp\/v2\/media?parent=61"}],"curies":[{"name":"wp","href":"https:\/\/api.w.org\/{rel}","templated":true}]}}