{"id":59,"date":"2023-01-12T10:05:48","date_gmt":"2023-01-12T09:05:48","guid":{"rendered":"http:\/\/mlcpree.cluster029.hosting.ovh.net\/?page_id=59"},"modified":"2023-08-22T14:52:08","modified_gmt":"2023-08-22T12:52:08","slug":"le-curriculum-vitae","status":"publish","type":"page","link":"https:\/\/latetedelemploi.be\/index.php\/le-curriculum-vitae\/","title":{"rendered":"Le Curriculum Vitae"},"content":{"rendered":"\n<h3 class=\"wp-block-heading\"><strong>L\u2019objectif du CV est de donner l\u2019envie \u00e0 l\u2019employeur de vous rencontrer pour un entretien d\u2019embauche.<\/strong><\/h3>\n\n\n\n<p>Le CV informe l\u2019employeur sur&nbsp;(g\u00e9n\u00e9ralement on y retrouve les cat\u00e9gories suivantes)&nbsp;:<\/p>\n\n\n\n<p>\u2013 votre formation&nbsp;: ce que vous avez appris<\/p>\n\n\n\n<p>\u2013 vos&nbsp; exp\u00e9riences professionnelles&nbsp;: ce que vous avez fait (emplois, stages, jobs d\u2019\u00e9tudiant,\u2026)<\/p>\n\n\n\n<p>\u2013 vos comp\u00e9tences&nbsp;: ce que vous pouvez et savez faire<\/p>\n\n\n\n<p>\u2013 vos qualit\u00e9s&nbsp;: celles qui peuvent int\u00e9resser l\u2019employeur<\/p>\n\n\n\n<p>D\u2019autres rubriques peuvent aussi figurer sur le CV (connaissances linguistiques et informatiques, atouts, loisirs,\u2026).<\/p>\n\n\n\n<p><strong>Attention \u00e0 la forme&nbsp;!<\/strong><\/p>\n\n\n\n<p>\u2013 Il doit \u00eatre clair, cibl\u00e9, concis&nbsp;: il doit aller \u00e0 l\u2019essentiel, il fait maximum deux pages<\/p>\n\n\n\n<p>\u2013 Il est dactylographi\u00e9 (\u00e9crit \u00e0 l\u2019ordinateur), soign\u00e9 et sans faute d\u2019orthographe<\/p>\n\n\n\n<p>\u2013 Personnalis\u00e9 et adapt\u00e9 \u00e0 l\u2019emploi et l\u2019entreprise dans laquelle vous postulez<\/p>\n\n\n\n<p>\u2013 Il met en valeur vos r\u00e9ussites&nbsp;: n\u2019indiquez QUE le positif sans jamais mentir ni exag\u00e9rer&nbsp;!<\/p>\n\n\n\n<p><strong>Comment le r\u00e9diger&nbsp;?&nbsp;<\/strong><\/p>\n\n\n\n<p>Cliquez\u00a0<a href=\"https:\/\/latetedelemploi.be\/wp-content\/uploads\/2023\/08\/cv-1.pdf\" target=\"_blank\" rel=\"noreferrer noopener\">cv<\/a>\u00a0pour avoir un exemple d\u00e9taill\u00e9.<\/p>\n\n\n\n<h3 class=\"wp-block-heading\">Mod\u00e8les de CV \u00e0 t\u00e9l\u00e9charger<\/h3>\n\n\n\n<ul class=\"wp-block-list\">\n<li><a href=\"https:\/\/latetedelemploi.be\/wp-content\/uploads\/2023\/08\/CV-EMPLOYE-POLYVALENT-2019.pdf\" target=\"_blank\" rel=\"noreferrer noopener\">Employe-polyvalent<\/a><\/li>\n\n\n\n<li><a href=\"https:\/\/latetedelemploi.be\/wp-content\/uploads\/2023\/08\/cv-secteur-vente.pdf\" target=\"_blank\" rel=\"noreferrer noopener\">Objectif professionnel \/ Secteur de la vente<\/a><\/li>\n\n\n\n<li><a href=\"https:\/\/latetedelemploi.be\/wp-content\/uploads\/2023\/08\/CV-ASSISTANT-DE-DIRECTION-2019.pdf\" target=\"_blank\" rel=\"noreferrer noopener\">Assistant de direction<\/a><\/li>\n\n\n\n<li><a href=\"https:\/\/latetedelemploi.be\/wp-content\/uploads\/2023\/08\/CV-OUVRIER-PARCS-ET-JARDINS-2019.pdf\" target=\"_blank\" rel=\"noreferrer noopener\">Ouvrier parcs et jardins<\/a><\/li>\n\n\n\n<li><a href=\"https:\/\/latetedelemploi.be\/wp-content\/uploads\/2023\/08\/CV-GARCON-DE-SALLE-2019.pdf\" target=\"_blank\" rel=\"noreferrer noopener\">Gar\u00e7on de salle<\/a><\/li>\n\n\n\n<li><a href=\"https:\/\/latetedelemploi.be\/wp-content\/uploads\/2023\/08\/ts2.pdf\">Technicienne de surface<\/a><\/li>\n\n\n\n<li><a href=\"https:\/\/latetedelemploi.be\/wp-content\/uploads\/2023\/08\/CV-AIDE-CUISINIERE-2019.pdf\" target=\"_blank\" rel=\"noreferrer noopener\">Aide cuisini\u00e8re<\/a><\/li>\n\n\n\n<li><a href=\"https:\/\/latetedelemploi.be\/wp-content\/uploads\/2023\/08\/CV-SURVEILLANTE-2019.pdf\">Surveillante en garderie<\/a><\/li>\n<\/ul>\n\n\n\n<p>Le curriculum vitae est par d\u00e9finition personnel donc les exemples figurant sur ce site sont l\u00e0 \u00e0 titre indicatif. Vous pouvez vous en inspirer mais ne les recopiez pas&nbsp;! Un bon cv est un cv personnalis\u00e9.<\/p>\n\n\n\n<p>Cr\u00e9ez un CV design avec&nbsp;<a href=\"https:\/\/www.canva.com\/fr_fr\/creer\/cv\/\" target=\"_blank\" rel=\"noreferrer noopener\">Canva,<\/a>&nbsp;un outil de cr\u00e9ation graphique en ligne gratuit ou sur&nbsp;<a href=\"https:\/\/www.onlinecv.fr\/\" target=\"_blank\" rel=\"noreferrer noopener\">CV Online<\/a>.<\/p>\n","protected":false},"excerpt":{"rendered":"<p>L\u2019objectif du CV est de donner l\u2019envie \u00e0 l\u2019employeur de vous rencontrer pour un entretien d\u2019embauche. Le CV informe l\u2019employeur sur&nbsp;(g\u00e9n\u00e9ralement on y retrouve les cat\u00e9gories suivantes)&nbsp;: \u2013 votre formation&nbsp;: ce que vous avez appris \u2013 vos&nbsp; exp\u00e9riences professionnelles&nbsp;: ce que vous avez fait (emplois, stages, jobs d\u2019\u00e9tudiant,\u2026) \u2013 vos comp\u00e9tences&nbsp;: ce que vous pouvez [&hellip;]<\/p>\n","protected":false},"author":2,"featured_media":0,"parent":0,"menu_order":0,"comment_status":"closed","ping_status":"closed","template":"","meta":{"footnotes":""},"class_list":["post-59","page","type-page","status-publish","hentry"],"_links":{"self":[{"href":"https:\/\/latetedelemploi.be\/index.php\/wp-json\/wp\/v2\/pages\/59","targetHints":{"allow":["GET"]}}],"collection":[{"href":"https:\/\/latetedelemploi.be\/index.php\/wp-json\/wp\/v2\/pages"}],"about":[{"href":"https:\/\/latetedelemploi.be\/index.php\/wp-json\/wp\/v2\/types\/page"}],"author":[{"embeddable":true,"href":"https:\/\/latetedelemploi.be\/index.php\/wp-json\/wp\/v2\/users\/2"}],"replies":[{"embeddable":true,"href":"https:\/\/latetedelemploi.be\/index.php\/wp-json\/wp\/v2\/comments?post=59"}],"version-history":[{"count":4,"href":"https:\/\/latetedelemploi.be\/index.php\/wp-json\/wp\/v2\/pages\/59\/revisions"}],"predecessor-version":[{"id":1908,"href":"https:\/\/latetedelemploi.be\/index.php\/wp-json\/wp\/v2\/pages\/59\/revisions\/1908"}],"wp:attachment":[{"href":"https:\/\/latetedelemploi.be\/index.php\/wp-json\/wp\/v2\/media?parent=59"}],"curies":[{"name":"wp","href":"https:\/\/api.w.org\/{rel}","templated":true}]}}