{"id":57,"date":"2023-01-12T10:05:33","date_gmt":"2023-01-12T09:05:33","guid":{"rendered":"http:\/\/mlcpree.cluster029.hosting.ovh.net\/?page_id=57"},"modified":"2023-08-22T15:02:05","modified_gmt":"2023-08-22T13:02:05","slug":"les-filieres-de-recherche-demploi","status":"publish","type":"page","link":"https:\/\/latetedelemploi.be\/index.php\/les-filieres-de-recherche-demploi\/","title":{"rendered":"Les fili\u00e8res de recherche d\u2019emploi"},"content":{"rendered":"\n<p><strong>Il existe plusieurs fa\u00e7ons de rechercher du travail. Dans tous les cas, cela se pr\u00e9pare!<\/strong><\/p>\n\n\n\n<p><em><strong>Introduire une candidature spontan\u00e9e<\/strong><\/em><\/p>\n\n\n\n<p>Contrairement \u00e0 ce que l\u2019on croit, prendre l\u2019initiative de proposer sa candidature est un moyen efficace de rechercher de l\u2019emploi. Vous pouvez envoyer spontan\u00e9ment un CV et une lettre de motivation, vous pr\u00e9senter ou t\u00e9l\u00e9phoner \u00e0 l\u2019employeur.<\/p>\n\n\n\n<p><em><strong>Utiliser le bouche-\u00e0-oreille<\/strong><\/em><\/p>\n\n\n\n<p>Vous pouvez faire savoir autour de vous (famille, amis, commer\u00e7ants, anciens professeurs,\u2026) que vous recherchez du travail. Il est&nbsp;<strong>important<\/strong>&nbsp;de pr\u00e9ciser le type d\u2019emploi recherch\u00e9 et la r\u00e9gion dans laquelle vous d\u00e9sirez travailler. Votre entourage pourra vous donner des informations utiles ou penser \u00e0 vous s\u2019il entend parler d\u2019un engagement.<\/p>\n\n\n\n<p><em><strong>R\u00e9pondre \u00e0 une annonce<\/strong><\/em><\/p>\n\n\n\n<p>O\u00f9 retrouver les offres d\u2019emploi?<\/p>\n\n\n\n<p>Le FOREM<\/p>\n\n\n\n<p>Le FOREM (FORmation-EMploi) est le service public de l\u2019emploi et de la formation professionnelle en Wallonie. Les employeurs y publient quotidiennement des annonces qui sont accessibles:<\/p>\n\n\n\n<p>Au Forem de Li\u00e8ge: Quai Banning, 4 \u00e0 4000 Li\u00e8ge<\/p>\n\n\n\n<p>Dans les maisons de l\u2019emploi (bureaux locaux du Forem): trouvez la maison de l\u2019emploi la plus proche de chez vous en cliquant&nbsp;<a href=\"https:\/\/www.leforem.be\/contact\/maisons-de-l-emploi.html\" target=\"_blank\" rel=\"noreferrer noopener\">ici<\/a><br>Sur le site internet&nbsp;<a rel=\"noreferrer noopener\" href=\"http:\/\/www.leforem.be\/\" target=\"_blank\">www.leforem.be<\/a><\/p>\n\n\n\n<p>Internet<\/p>\n\n\n\n<p>C\u2019est un outil tr\u00e8s important \u00e0 l\u2019heure actuelle. Vous trouverez\u00a0<a href=\"https:\/\/latetedelemploi.be\/index.php\/consulter-des-offres-demploi\/\" target=\"_blank\" rel=\"noreferrer noopener\">ici<\/a>\u00a0les principaux sites pour rechercher un emploi rapidement.<\/p>\n\n\n\n<p>Les journaux<\/p>\n\n\n\n<p>Certains employeurs pr\u00e9f\u00e8rent publier leurs annonces dans les journaux. Vous pouvez les consulter dans:<\/p>\n\n\n\n<p>La Meuse: parution le samedi dans la r\u00e9gion li\u00e9geoise<br>Le jour: parution le mercredi pour Li\u00e8ge, Huy, Verviers<br>Le soir: parution le samedi pour la Wallonie et Bruxelles<\/p>\n\n\n\n<p>T\u00e9l\u00e9vision (t\u00e9l\u00e9texte)<\/p>\n\n\n\n<p>Vous pouvez avoir acc\u00e8s \u00e0 des offres d\u2019emploi via les t\u00e9l\u00e9textes de la RTBF (page 700) et&nbsp; RTC.<\/p>\n\n\n\n<p><em><strong>S\u2019inscrire dans une agence int\u00e9rim<\/strong><\/em><\/p>\n\n\n\n<p>Certaines entreprises passent syst\u00e9matiquement par une agence Int\u00e9rim pour recruter du personnel. L\u2019agence Int\u00e9rim est un organisme qui s\u2019occupe de la s\u00e9lection de candidats pour le compte d\u2019une entreprise, qui engage ce candidat et qui le met \u00e0 disposition d\u2019une entreprise moyennant paiement.<\/p>\n\n\n\n<p>Vous trouverez\u00a0<a href=\"https:\/\/latetedelemploi.be\/index.php\/agences-interim\/\" target=\"_blank\" rel=\"noreferrer noopener\">ici<\/a>\u00a0une liste des agences Int\u00e9rim. Il est utile de s\u2019inscrire dans plusieurs agences.<\/p>\n\n\n\n<p>Vous devez apporter, lors de votre inscription \u00e0 l\u2019agence Int\u00e9rim, votre CV, lettre de motivation, carte d\u2019identit\u00e9 et carte SIS.<\/p>\n\n\n\n<p>N\u2019h\u00e9sitez pas \u00e0 contacter r\u00e9guli\u00e8rement votre agence pour prouver votre motivation.<\/p>\n\n\n\n<p>N\u2019oubliez pas aussi que dans les faits, c\u2019est l\u2019agence int\u00e9rim qui est votre employeur !<\/p>\n","protected":false},"excerpt":{"rendered":"<p>Il existe plusieurs fa\u00e7ons de rechercher du travail. Dans tous les cas, cela se pr\u00e9pare! Introduire une candidature spontan\u00e9e Contrairement \u00e0 ce que l\u2019on croit, prendre l\u2019initiative de proposer sa candidature est un moyen efficace de rechercher de l\u2019emploi. Vous pouvez envoyer spontan\u00e9ment un CV et une lettre de motivation, vous pr\u00e9senter ou t\u00e9l\u00e9phoner \u00e0 [&hellip;]<\/p>\n","protected":false},"author":2,"featured_media":0,"parent":0,"menu_order":0,"comment_status":"closed","ping_status":"closed","template":"","meta":{"footnotes":""},"class_list":["post-57","page","type-page","status-publish","hentry"],"_links":{"self":[{"href":"https:\/\/latetedelemploi.be\/index.php\/wp-json\/wp\/v2\/pages\/57","targetHints":{"allow":["GET"]}}],"collection":[{"href":"https:\/\/latetedelemploi.be\/index.php\/wp-json\/wp\/v2\/pages"}],"about":[{"href":"https:\/\/latetedelemploi.be\/index.php\/wp-json\/wp\/v2\/types\/page"}],"author":[{"embeddable":true,"href":"https:\/\/latetedelemploi.be\/index.php\/wp-json\/wp\/v2\/users\/2"}],"replies":[{"embeddable":true,"href":"https:\/\/latetedelemploi.be\/index.php\/wp-json\/wp\/v2\/comments?post=57"}],"version-history":[{"count":3,"href":"https:\/\/latetedelemploi.be\/index.php\/wp-json\/wp\/v2\/pages\/57\/revisions"}],"predecessor-version":[{"id":1917,"href":"https:\/\/latetedelemploi.be\/index.php\/wp-json\/wp\/v2\/pages\/57\/revisions\/1917"}],"wp:attachment":[{"href":"https:\/\/latetedelemploi.be\/index.php\/wp-json\/wp\/v2\/media?parent=57"}],"curies":[{"name":"wp","href":"https:\/\/api.w.org\/{rel}","templated":true}]}}