{"id":514,"date":"2023-01-18T11:49:28","date_gmt":"2023-01-18T10:49:28","guid":{"rendered":"http:\/\/mlcpree.cluster029.hosting.ovh.net\/?page_id=514"},"modified":"2023-08-22T14:31:04","modified_gmt":"2023-08-22T12:31:04","slug":"tout-sur-les-jobs-detudiants","status":"publish","type":"page","link":"https:\/\/latetedelemploi.be\/index.php\/tout-sur-les-jobs-detudiants\/","title":{"rendered":"Tout sur les jobs d&#8217;\u00e9tudiants"},"content":{"rendered":"\n<h3 class=\"wp-block-heading\">Ne te concentre pas sur une seule fili\u00e8re de recherche.<\/h3>\n\n\n\n<p>Il n&#8217;existe, h\u00e9las, aucun organisme qui centralise toutes les offres d&#8217;emploi pour les \u00e9tudiants. Tu devras donc t&#8217;adresser \u00e0 diff\u00e9rents \u00ab endroits \u00bb et ne compter que sur ton dynamisme pour d\u00e9crocher un emploi !<\/p>\n\n\n\n<p>Tu peux choisir de travailler durant les vacances scolaires ou tout au long de l&#8217;ann\u00e9e, \u00e0 condition de respecter la l\u00e9gislation et d&#8217;avoir un horaire de travail compatible avec tes \u00e9tudes.<\/p>\n\n\n\n<p>Travailler peut te faire gagner de l&#8217;argent mais aussi de l&#8217;exp\u00e9rience, que tu pourras valoriser dans tes recherches d&#8217;un emploi au terme de tes \u00e9tudes.<\/p>\n\n\n\n<p>N&#8217;attends pas le dernier moment pour postuler, les jobs sont tr\u00e8s convoit\u00e9s et beaucoup d&#8217;\u00e9tudiants proposent leurs services plusieurs mois \u00e0 l&#8217;avance.<\/p>\n\n\n\n<p>Attention, tous les employeurs ne publient pas une annonce dans les journaux : fais toi-m\u00eame des candidatures spontan\u00e9es et n&#8217;h\u00e9site pas \u00e0 contacter les entreprises pour demander si elles engagent des \u00e9tudiants et conna\u00eetre leur proc\u00e9dure habituelle de recrutement.<\/p>\n\n\n\n<p>Certains secteurs recrutent des \u00e9tudiants, en particulier au moment des vacances. C&#8217;est le cas du secteur de l&#8217;h\u00f4tellerie, de la restauration, des commerces et de l&#8217;enfance. Tu peux \u00e9galement contacter les administrations, les grandes surfaces, les fast-foods, les grandes enseignes.<\/p>\n\n\n\n<p>Un conseil : dans ta recherche d&#8217;un job, n&#8217;h\u00e9site pas \u00e0 faire preuve d&#8217;imagination !<\/p>\n\n\n\n<p>Renseigne-toi sur la loi relative au travail des \u00e9tudiants:<\/p>\n\n\n\n<ul class=\"wp-block-list\">\n<li>Quel \u00e2ge faut-il pour travailler comme \u00e9tudiant ?<\/li>\n\n\n\n<li>Pour quel salaire ? O\u00f9 puis-je me renseigner sur les bar\u00e8mes ?<\/li>\n\n\n\n<li>Quels sont les travaux autoris\u00e9s ? Combien de temps puis-je travailler ?<\/li>\n\n\n\n<li>Quel sera mon contrat ?<\/li>\n\n\n\n<li>Le fait d&#8217;exercer un travail d&#8217;\u00e9tudiant peut-il avoir des r\u00e9percussions sur la situation fiscale des mes parents ? Mon droit aux allocations familiales sera-t-il maintenu ?<\/li>\n\n\n\n<li>\u2026<\/li>\n<\/ul>\n\n\n\n<p>Pour tout savoir sur la l\u00e9gislation mais \u00e9galement pour trouver des conseils, tu peux consulter les sites suivants :<\/p>\n\n\n\n<ul class=\"wp-block-list\">\n<li><a href=\"https:\/\/www.belgium.be\/fr\/emploi\/recherche_d_emploi\/job_etudiant\" target=\"_blank\" rel=\"noreferrer noopener\">Portailbelgium.be<\/a><\/li>\n\n\n\n<li><a href=\"https:\/\/emploi.belgique.be\/fr\/actualites\/cles-pour-le-travail-des-etudiants-arret-de-la-publication-sous-forme-de-brochure\" target=\"_blank\" rel=\"noreferrer noopener\">Consulter\/t\u00e9l\u00e9charger\/commander gratuitement la brochure \u00ab Cl\u00e9s pour le travail des \u00e9tudiants \u00bb<\/a><\/li>\n\n\n\n<li><a href=\"https:\/\/emploi.belgique.be\/fr\" target=\"_blank\" rel=\"noreferrer noopener\">Le site du Service Public f\u00e9d\u00e9ral Emploi, Travail, Concertation sociale (guide A \u00e0 Z)<\/a><\/li>\n\n\n\n<li><a href=\"http:\/\/www.jobetudiant.be\/\" target=\"_blank\" rel=\"noreferrer noopener\">jobetudiant.be<\/a><\/li>\n\n\n\n<li><a href=\"https:\/\/www.mysocialsecurity.be\/student\/fr\/index.html\" target=\"_blank\" rel=\"noreferrer noopener\">student@work<\/a><\/li>\n\n\n\n<li><a href=\"http:\/\/finances.belgium.be\/fr\/particuliers\/famille\/etudiant\/impots\/\" target=\"_blank\" rel=\"noreferrer noopener\">Informations sur les imp\u00f4ts \u00e9tudiant<\/a><\/li>\n<\/ul>\n\n\n\n<p>Multiplie les d\u00e9marches et utilise un maximum de fili\u00e8res de recherche.<\/p>\n\n\n\n<p>Inscris-toi dans plusieurs agences int\u00e9rimaires :<\/p>\n\n\n\n<ul class=\"wp-block-list\">\n<li><a href=\"http:\/\/www.adecco.be\/fr-be\/etudiants-et-starters\" target=\"_blank\" rel=\"noreferrer noopener\">Adecco<\/a><\/li>\n\n\n\n<li><a rel=\"noreferrer noopener\" href=\"http:\/\/www.randstad.be\/fr\/candidats\/pour-etudiants\" target=\"_blank\">Randstad<\/a><\/li>\n\n\n\n<li><a href=\"http:\/\/www.startpeople.be\/\" target=\"_blank\" rel=\"noreferrer noopener\">Startpeople<\/a><\/li>\n\n\n\n<li><a href=\"https:\/\/www.konvert.be\/fr\/etudiant-jobiste\" target=\"_blank\" rel=\"noreferrer noopener\">Konvert<\/a><\/li>\n\n\n\n<li><a href=\"http:\/\/www.tempo-team.be\/fr\/etudiants\" target=\"_blank\" rel=\"noreferrer noopener\">Tempo-team<\/a><\/li>\n\n\n\n<li><a href=\"http:\/\/manpower.be\/fr\/jobs-d%C3%A9tudiant\" target=\"_blank\" rel=\"noreferrer noopener\">Manpower<\/a><\/li>\n<\/ul>\n\n\n\n<p>Renseigne-toi sur les modes de recrutement d&#8217;\u00e9tudiants utilis\u00e9s par les entreprises qui t&#8217;int\u00e9ressent : faut-il remplir un formulaire sur place ? Dois-tu envoyer un CV et une lettre de motivation? Si oui, \u00e0 qui faut-il les adresser ? Passer un petit coup de fil \u00e0 l&#8217;entreprise peut parfois te faire gagner du temps.<\/p>\n\n\n\n<p>Rends-toi dans une Maison de l&#8217;emploi : tu pourra y consulter les offres d&#8217;emploi du FOREM, acc\u00e9der gratuitement \u00e0 Internet, utiliser le fax et le t\u00e9l\u00e9phone, consulter de la documentation sur les d\u00e9marches \u00e0 faire pour trouver un job, demander des conseils, \u2026. Pour conna\u00eetre les adresses des Maisons de l&#8217;emploi: <a href=\"https:\/\/www.leforem.be\/contact\/maisons-de-l-emploi.html\" target=\"_blank\" rel=\"noreferrer noopener\">clique ici<\/a><\/p>\n\n\n\n<p>Pr\u00e9sente-toi chez l&#8217;employeur pour d\u00e9poser ton CV. C&#8217;est une d\u00e9marche directe qui te permettra de savoir, de suite, si tu as des chances de d\u00e9crocher un emploi. Si on te dit qu&#8217;on ne recrute pas d&#8217;\u00e9tudiants ou que c&#8217;est complet&#8230; tu es fix\u00e9.<\/p>\n\n\n\n<p>Sache que certains employeurs privil\u00e9gient les enfants de leur personnel. Conna\u00eetre un travailleur au sein de la soci\u00e9t\u00e9 peut faciliter ta d\u00e9marche. Pense donc \u00e0 demander \u00e0 tes proches s&#8217;ils peuvent te recommander.<\/p>\n\n\n\n<p>Utilise ton r\u00e9seau : le bouche-\u00e0-oreille est l&#8217;un des moyens les plus efficaces pour trouver un job. Parle de ta recherche \u00e0 un maximum de personnes de ton entourage (famille, amis, connaissances,\u2026).<\/p>\n\n\n\n<p>Consulte les annonces dans la presse (le journal \u00ab La Meuse \u00bb du samedi ou les journaux toutes-bo\u00eetes comme le Vlan ou le Passe Partout) ou sur certains sites internet (liste non exhaustive) :<\/p>\n\n\n\n<ul class=\"wp-block-list\">\n<li><a href=\"http:\/\/www.leforem.be\/\" target=\"_blank\" rel=\"noreferrer noopener\">www.leforem.be<\/a> : indique \u00ab \u00e9tudiant \u00bb dans le moteur de recherche des offres d&#8217;emploi<\/li>\n\n\n\n<li><a href=\"http:\/\/www.student.be\/\" target=\"_blank\" rel=\"noreferrer noopener\">www.student.be<\/a><\/li>\n\n\n\n<li><a href=\"http:\/\/www.stepstone.be\/\" target=\"_blank\" rel=\"noreferrer noopener\">www.stepstone.be<\/a><\/li>\n\n\n\n<li><a href=\"http:\/\/www.optioncarriere.be\/\" target=\"_blank\" rel=\"noreferrer noopener\">www.optioncarriere.be<\/a><\/li>\n\n\n\n<li><a href=\"http:\/\/www.jannonce.be\/\" target=\"_blank\" rel=\"noreferrer noopener\">www.jannonce.be<\/a><\/li>\n\n\n\n<li><a href=\"http:\/\/www.quefaire.be\/annonces\/jobs-etudiant-offres-1503.php4\" target=\"_blank\" rel=\"noreferrer noopener\">Que faire.be<\/a><\/li>\n\n\n\n<li><a href=\"http:\/\/www.wep.be\/fr\" target=\"_blank\" rel=\"noreferrer noopener\">Wep.be<\/a><\/li>\n\n\n\n<li><a href=\"http:\/\/www.studentandgo.be\/\" target=\"_blank\" rel=\"noreferrer noopener\">Student and Go<\/a><\/li>\n<\/ul>\n\n\n\n<p>Regarde les offres sur le site des entreprises. Voici quelques liens :<\/p>\n\n\n\n<ul class=\"wp-block-list\">\n<li><a href=\"https:\/\/belgiumjobs.carrefour.eu\/search\/?createNewAlert=false&amp;q=&amp;locationsearch=&amp;optionsFacetsDD_customfield1=%C3%89tudiants\" target=\"_blank\" rel=\"noreferrer noopener\">Carrefour<\/a><\/li>\n\n\n\n<li><a href=\"http:\/\/jobs.colruyt.be\/jobvacancies\/index.jsp?taal=F\" target=\"_blank\" rel=\"noreferrer noopener\">Colruyt<\/a><\/li>\n\n\n\n<li><a href=\"https:\/\/jobs.delhaize.be\/fr\/offres-emploi\/?org=all\" target=\"_blank\" rel=\"noreferrer noopener\">Delhaize<\/a><\/li>\n\n\n\n<li><a rel=\"noreferrer noopener\" href=\"https:\/\/www.supermarche-match.be\/site\/smmatch-be-fr-menu-h\/jobs\/index.html\" target=\"_blank\">Match<\/a><\/li>\n\n\n\n<li><a href=\"https:\/\/jobs.quick.be\/fr#reuzejobs\" target=\"_blank\" rel=\"noreferrer noopener\">Quick<\/a><\/li>\n\n\n\n<li><a href=\"https:\/\/topbrands.be\/fr\/appliquer#\/\" target=\"_blank\" rel=\"noreferrer noopener\">Pizza Hut<\/a><\/li>\n\n\n\n<li><a href=\"https:\/\/www.c-and-a.com\/be\/fr\/corporate\/company\/carrieres\/travailler-chez-ca\/\" target=\"_blank\" rel=\"noreferrer noopener\">C&amp;A<\/a><\/li>\n<\/ul>\n\n\n\n<p>N&#8217;h\u00e9site pas \u00e0 prendre contact avec les responsables de tes anciens lieux de stage. Pense \u00e9galement \u00e0 solliciter les entreprises appartenant au secteur dans lequel tu fais tes \u00e9tudes.<\/p>\n\n\n\n<p>Adresse-toi \u00e0 l&#8217;administration de ta commune pour savoir si certains services recrutent pour les plaines de vacances, des travaux administratifs ou d&#8217;entretien de l&#8217;environnement,\u2026<\/p>\n\n\n\n<p>Sollicite les services jeunesse de ta r\u00e9gion comme le Centre J ou les services jeunes des syndicats.<\/p>\n\n\n\n<p>Pr\u00e9pare bien tes d\u00e9marches:<\/p>\n\n\n\n<h3 class=\"wp-block-heading\">Le CV \/ La lettre de candidature\/L&#8217;entretien<\/h3>\n\n\n\n<ul class=\"wp-block-list\">\n<li>Attention \u00e0 ton adresse mail ! Elle doit \u00eatre \u00ab classique \u00bb : pas de loulou147@hotmail.com ou pticomique@yahoo.fr. Cela ne fait pas tr\u00e8s s\u00e9rieux. Idem pour ta bo\u00eete vocale : les bonnes blagues peuvent amuser tes potes mais aussi \u2026 faire fuir les recruteurs.<\/li>\n\n\n\n<li>Soigne ton orthographe dans tous les documents que tu transmets, y compris dans les mails. Le langage \u00ab sms \u00bb ou abr\u00e9g\u00e9 est pratique mais ne convient pas pour une recherche de ce type. Il est vivement conseill\u00e9 de faire relire lettre et CV pour corriger d&#8217;\u00e9ventuelles fautes et avoir un avis ext\u00e9rieur.<\/li>\n\n\n\n<li>Soigne ta pr\u00e9sentation lorsque tu te rends dans une agence int\u00e9rimaire ou chez un employeur, m\u00eame s&#8217;il s&#8217;agit simplement de d\u00e9poser un CV. Inutile de mettre ton beau costume mais \u00e9vite le cheveu gras ! Les employeurs ont rarement envie de faire fuir leur client\u00e8le. Par cons\u00e9quent, sois poli et \u00e9vite de \u00ab tirer la gueule \u00bb.<\/li>\n<\/ul>\n\n\n\n<h4 class=\"wp-block-heading\">Le CV ou curriculum vitae<\/h4>\n\n\n\n<p>Il retrace ton parcours et reprend toutes les informations utiles \u00e0 l&#8217;employeur :<\/p>\n\n\n\n<ul class=\"wp-block-list\">\n<li>tes coordonn\u00e9es : nom et pr\u00e9nom \u2013 adresse \u2013 t\u00e9l \u2013 email \u2013 date de naissance<\/li>\n\n\n\n<li>ta formation : fais mention du dipl\u00f4me le plus \u00e9lev\u00e9<\/li>\n\n\n\n<li>tes exp\u00e9riences : jobs d&#8217;\u00e9tudiant pr\u00e9c\u00e9dents \u2013 stages \u2013 activit\u00e9s de b\u00e9n\u00e9volat<\/li>\n\n\n\n<li>tes connaissances en langues et en informatique<\/li>\n\n\n\n<li>tes centres d&#8217;int\u00e9r\u00eats<\/li>\n<\/ul>\n\n\n\n<p><a href=\"https:\/\/latetedelemploi.be\/wp-content\/uploads\/2023\/08\/cv.pdf\" target=\"_blank\" rel=\"noreferrer noopener\">Exemple d&#8217;un cv<\/a><\/p>\n\n\n\n<h4 class=\"wp-block-heading\">La lettre d&#8217;accompagnement<\/h4>\n\n\n\n<p>Elle permet d&#8217;introduire ta candidature tout en d\u00e9montrant que tu es motiv\u00e9. Elle met en \u00e9vidence tes atouts et te permet de d\u00e9montrer que tu es capable d&#8217;assumer le travail que tu souhaites occuper.<\/p>\n\n\n\n<p><a href=\"https:\/\/latetedelemploi.be\/index.php\/la-lettre-de-motivation\/\" target=\"_blank\" rel=\"noreferrer noopener\">Exemple d&#8217;une lettre<\/a><\/p>\n\n\n\n<h4 class=\"wp-block-heading\">L&#8217;entretien d&#8217;embauche<\/h4>\n\n\n\n<p>Si tu as envoy\u00e9 une candidature par mail ou par courrier et que tu as retenu l&#8217;attention du recruteur, il t&#8217;invitera \u00e0 te pr\u00e9senter \u00e0 un entretien. Le but n&#8217;est pas de te faire passer un examen mais de :<\/p>\n\n\n\n<ul class=\"wp-block-list\">\n<li>s&#8217;assurer que tu peux convenir aux attentes de l&#8217;entreprise,<\/li>\n\n\n\n<li>v\u00e9rifier ta motivation,<\/li>\n\n\n\n<li>\u00e9tablir un contact direct de mani\u00e8re \u00e0 mieux cerner tes comp\u00e9tences, ta disponibilit\u00e9, ta personnalit\u00e9.<\/li>\n<\/ul>\n\n\n\n<p>Quelques conseils:<\/p>\n\n\n\n<ul class=\"wp-block-list\">\n<li>N&#8217;arrive ni en retard, ni trop en avance : 10 minutes avant l&#8217;heure du rendez-vous suffissent. Munis-toi des coordonn\u00e9es de l&#8217;employeur afin de pouvoir le pr\u00e9venir si tu as un contretemps. Eteins toujours ton portable durant l&#8217;entretien ! Soigne ta pr\u00e9sentation et sois souriant.<\/li>\n\n\n\n<li>Si tu d\u00e9cides de d\u00e9poser directement ton CV dans une entreprise ou de t&#8217;inscrire dans une agence int\u00e9rimaire, consid\u00e8re cette d\u00e9marche comme un entretien d&#8217;embauche et fais \u00e9galement des efforts de pr\u00e9sentation.<\/li>\n\n\n\n<li>Si tu veux pr\u00e9parer ton entretien d&#8217;embauche: <a href=\"https:\/\/latetedelemploi.be\/index.php\/lentretien-dembauche\/\" target=\"_blank\" rel=\"noreferrer noopener\">clique ici<\/a><\/li>\n<\/ul>\n\n\n\n<h4 class=\"wp-block-heading\">Demande de conseils\/soutien aux services jeunesse de ta r\u00e9gion (liste non exhaustive)<\/h4>\n\n\n\n<p><a href=\"http:\/\/www.jeunes-csc.be\/\" target=\"_blank\" rel=\"noreferrer noopener\">CSC<\/a><\/p>\n\n\n\n<p><a href=\"http:\/\/www.cgslb.be\/fr\/travail-etudiant\" target=\"_blank\" rel=\"noreferrer noopener\">Centrale jeunes de la CGSLB<\/a><\/p>\n\n\n\n<p><a href=\"https:\/\/www.fgtb-liege.be\/fr\/permanence-jeunes\/\" target=\"_blank\" rel=\"noreferrer noopener\">Centrale jeunes de la FGTB<\/a><\/p>\n\n\n\n<p><a href=\"http:\/\/www.infor-jeunes.be\/site\/centre\" target=\"_blank\" rel=\"noreferrer noopener\">Pour trouver un centre Infor Jeunes pr\u00e8s de chez toi<\/a><\/p>\n\n\n\n<p><a href=\"http:\/\/www.siep.be\/\" target=\"_blank\" rel=\"noreferrer noopener\">SIEP (Service d&#8217;Information sur les Etudes et le Professions)<\/a><\/p>\n\n\n\n<p><a href=\"http:\/\/www.sdj.be\/\" target=\"_blank\" rel=\"noreferrer noopener\">Service Droit des jeunes<\/a><br>Rue Lambert le B\u00e8gue, 23<br>4000 Li\u00e8ge<br>T\u00e9l. : 04\/222.91.20<\/p>\n\n\n\n<p>AMO Droit des Jeunes<br>Rue saint Remy 3<br>4000 Li\u00e8ge<br>T\u00e9l. : 04\/221.97.41<\/p>\n\n\n\n<p>A l&#8217;ECOUTE DES JEUNES<br>Avenue Guillaume Joachim 51<br>4300 Waremme<br>T\u00e9l. : 019\/32.50.05<\/p>\n\n\n\n<p><a href=\"http:\/\/www.mda-infodesjeunes.be\/\" target=\"_blank\" rel=\"noreferrer noopener\">MDA \u00ab L&#8217;info des Jeunes \u00bb<\/a><br>Quai des Carmes 1<br>4101 Jemeppe<br>T\u00e9l. :04\/234.38.38<\/p>\n\n\n\n<p>LA BOUSSOLE AMO<br>Avenue Roi Baudoin 46<br>4432 Alleur<br>T\u00e9l. : 04\/247.74.71<\/p>\n\n\n\n<p>La Teignouse<br>AMO<br>Clos de Nolupr\u00e9 45<br>4170 Comblain-au-Pont<br>T\u00e9l. : 04\/369.33.00<\/p>\n\n\n\n<p>CIAJ<br>AMO<br>Place Communale 1<br>4100 Seraing<br>T\u00e9l. : 04\/337. 18.33<br><\/p>\n\n\n\n<p><a href=\"http:\/\/www.claj.be\/\" target=\"_blank\" rel=\"noreferrer noopener\">CLAJ<\/a><br>Rue Ernest de Bavi\u00e8re 6<br>4020 Li\u00e8ge<br>T\u00e9l. : 04\/344.44.72<\/p>\n\n\n\n<p>Service d&#8217;actions sociales<br>Rue Jonruelle 15<br>4000 Li\u00e8ge<br>T\u00e9l. : 04\/227.11.82<br>Email: sasamo@skynet.be<\/p>\n\n\n\n<p>INFOR JEUNES<br><a href=\"https:\/\/www.actionjob.be\" target=\"_blank\" rel=\"noreferrer noopener\">Action Job Etudiant<\/a><br><\/p>\n\n\n\n<p>Rechercher un job d\u2019\u00e9tudiant \u00e9quivaut \u00e0 une recherche emploi classique.<\/p>\n\n\n\n<p>La majorit\u00e9 des employeurs te demandera de faire parvenir un cv.<\/p>\n\n\n\n<p>N\u2019attends pas le dernier moment pour envoyer ta candidature.<\/p>\n","protected":false},"excerpt":{"rendered":"<p>Ne te concentre pas sur une seule fili\u00e8re de recherche. Il n&#8217;existe, h\u00e9las, aucun organisme qui centralise toutes les offres d&#8217;emploi pour les \u00e9tudiants. Tu devras donc t&#8217;adresser \u00e0 diff\u00e9rents \u00ab endroits \u00bb et ne compter que sur ton dynamisme pour d\u00e9crocher un emploi ! Tu peux choisir de travailler durant les vacances scolaires ou [&hellip;]<\/p>\n","protected":false},"author":2,"featured_media":0,"parent":0,"menu_order":0,"comment_status":"closed","ping_status":"closed","template":"","meta":{"footnotes":""},"class_list":["post-514","page","type-page","status-publish","hentry"],"_links":{"self":[{"href":"https:\/\/latetedelemploi.be\/index.php\/wp-json\/wp\/v2\/pages\/514","targetHints":{"allow":["GET"]}}],"collection":[{"href":"https:\/\/latetedelemploi.be\/index.php\/wp-json\/wp\/v2\/pages"}],"about":[{"href":"https:\/\/latetedelemploi.be\/index.php\/wp-json\/wp\/v2\/types\/page"}],"author":[{"embeddable":true,"href":"https:\/\/latetedelemploi.be\/index.php\/wp-json\/wp\/v2\/users\/2"}],"replies":[{"embeddable":true,"href":"https:\/\/latetedelemploi.be\/index.php\/wp-json\/wp\/v2\/comments?post=514"}],"version-history":[{"count":9,"href":"https:\/\/latetedelemploi.be\/index.php\/wp-json\/wp\/v2\/pages\/514\/revisions"}],"predecessor-version":[{"id":1895,"href":"https:\/\/latetedelemploi.be\/index.php\/wp-json\/wp\/v2\/pages\/514\/revisions\/1895"}],"wp:attachment":[{"href":"https:\/\/latetedelemploi.be\/index.php\/wp-json\/wp\/v2\/media?parent=514"}],"curies":[{"name":"wp","href":"https:\/\/api.w.org\/{rel}","templated":true}]}}