{"id":510,"date":"2023-01-18T11:48:33","date_gmt":"2023-01-18T10:48:33","guid":{"rendered":"http:\/\/mlcpree.cluster029.hosting.ovh.net\/?page_id=510"},"modified":"2023-08-22T14:11:07","modified_gmt":"2023-08-22T12:11:07","slug":"trouve-un-job-sur-les-reseaux-sociaux-soigne-ton-image-en-ligne","status":"publish","type":"page","link":"https:\/\/latetedelemploi.be\/index.php\/trouve-un-job-sur-les-reseaux-sociaux-soigne-ton-image-en-ligne\/","title":{"rendered":"Trouve un job sur les r\u00e9seaux sociaux &#8211; Soigne ton image en ligne"},"content":{"rendered":"\n<p>Utiliser les r\u00e9seaux sociaux pour trouver un emploi est une fili\u00e8re qui peut se r\u00e9v\u00e9ler utile si tu as une bonne strat\u00e9gie. <a href=\"https:\/\/latetedelemploi.be\/index.php\/2023\/01\/18\/facebook-ami-ou-ennemi\/\" target=\"_blank\" rel=\"noreferrer noopener\">Facebook<\/a> est le r\u00e9seau social le plus connu et il peut s\u2019av\u00e9rer tr\u00e8s efficace vu le tr\u00e8s grand nombre d\u2019utilisateurs. La premi\u00e8re d\u00e9marche \u00e0 faire est de soigner ton image. De plus en plus de recruteurs regardent sur internet pour r\u00e9colter des infos sur un candidat. La premi\u00e8re chose \u00e0 faire est de s\u00e9parer ta vie priv\u00e9e de ta vie professionnelle. Avec les param\u00e8tres de confidentialit\u00e9, tu peux d\u00e9terminer qui peut voir ton profil, tes photos, ton mur et qui peut laisser des commentaires. Tu peux choisir \u00e9galement de ne pas \u00eatre index\u00e9 sur Google. Dans la rubrique \u00ab qui peut me trouver avec une recherche \u00bb, tu choisis de g\u00e9rer ton compte comme tu le souhaites. Tu peux aussi surveiller ton image en ligne via l\u2019option \u00absignaler\/retirer l\u2019identification\u00bb lorsqu\u2019une photo publi\u00e9e ne te convient pas. De cette mani\u00e8re, elle n\u2019est plus reli\u00e9e \u00e0 toi. La photo de ton profil doit \u00eatre adapt\u00e9e au milieu professionnel vis\u00e9.<\/p>\n\n\n\n<p>Etre sur facebook ne suffira pas pour qu\u2019un employeur te rep\u00e8re. Il faut que tu sois actif sur les r\u00e9seaux sociaux. Mais comment se servir des r\u00e9seaux sociaux pour trouver un emploi ?<\/p>\n\n\n\n<p>Avec facebook, tu te cr\u00e9es un <a href=\"https:\/\/latetedelemploi.be\/index.php\/2023\/01\/18\/activez-votre-reseau-oui-mais-pas-nimporte-comment\/\" target=\"_blank\" rel=\"noreferrer noopener\">r\u00e9seau<\/a>. Ce r\u00e9seau peut te communiquer des informations utiles sur des postes qui se cr\u00e9ent ou se lib\u00e8rent. Tu peux choisir d\u2019annoncer \u00e0 tes contacts que tu recherches un emploi dans tel ou tel domaine. De plus en plus d\u2019employeurs publient des offres sur facebook.<\/p>\n\n\n\n<p>Tu peux aussi choisir de te rendre sur la page facebook de l\u2019entreprise. C\u2019est un bon moyen de mieux la conna\u00eetre. Tu peux m\u00eame poser une question sur la proc\u00e9dure de recrutement afin de savoir comment introduire ta candidature ou cibler le responsable.<\/p>\n\n\n\n<p>Cr\u00e9e \u00e9ventuellement un profil sur Viadeo ou LinkedIn. Ce sont des r\u00e9seaux professionnels. Dans ton profil, qui est une sorte de CV, tu parleras de tes comp\u00e9tences, de tes objectifs professionnels. Il est possible de se cr\u00e9er un profil sur Twitter et suivre des personnes en rapport avec le m\u00e9tier ou le secteur dans lequel tu veux exercer.<\/p>\n\n\n\n<p>Les possibilit\u00e9s d&#8217;utiliser internet et les r\u00e9seaux sociaux sont multiples. Tu trouveras des conseils \u00e0 ce sujet en surfant mais quoi que tu choisisses comme piste, prends le temps de professionnaliser ta d\u00e9marche.<\/p>\n\n\n\n<p>Internet est un outil de plus en plus utilis\u00e9 par les employeurs pour recruter mais aussi pour se renseigner sur les candidats.<\/p>\n","protected":false},"excerpt":{"rendered":"<p>Utiliser les r\u00e9seaux sociaux pour trouver un emploi est une fili\u00e8re qui peut se r\u00e9v\u00e9ler utile si tu as une bonne strat\u00e9gie. Facebook est le r\u00e9seau social le plus connu et il peut s\u2019av\u00e9rer tr\u00e8s efficace vu le tr\u00e8s grand nombre d\u2019utilisateurs. La premi\u00e8re d\u00e9marche \u00e0 faire est de soigner ton image. De plus en [&hellip;]<\/p>\n","protected":false},"author":2,"featured_media":0,"parent":0,"menu_order":0,"comment_status":"closed","ping_status":"closed","template":"","meta":{"footnotes":""},"class_list":["post-510","page","type-page","status-publish","hentry"],"_links":{"self":[{"href":"https:\/\/latetedelemploi.be\/index.php\/wp-json\/wp\/v2\/pages\/510","targetHints":{"allow":["GET"]}}],"collection":[{"href":"https:\/\/latetedelemploi.be\/index.php\/wp-json\/wp\/v2\/pages"}],"about":[{"href":"https:\/\/latetedelemploi.be\/index.php\/wp-json\/wp\/v2\/types\/page"}],"author":[{"embeddable":true,"href":"https:\/\/latetedelemploi.be\/index.php\/wp-json\/wp\/v2\/users\/2"}],"replies":[{"embeddable":true,"href":"https:\/\/latetedelemploi.be\/index.php\/wp-json\/wp\/v2\/comments?post=510"}],"version-history":[{"count":3,"href":"https:\/\/latetedelemploi.be\/index.php\/wp-json\/wp\/v2\/pages\/510\/revisions"}],"predecessor-version":[{"id":1885,"href":"https:\/\/latetedelemploi.be\/index.php\/wp-json\/wp\/v2\/pages\/510\/revisions\/1885"}],"wp:attachment":[{"href":"https:\/\/latetedelemploi.be\/index.php\/wp-json\/wp\/v2\/media?parent=510"}],"curies":[{"name":"wp","href":"https:\/\/api.w.org\/{rel}","templated":true}]}}