{"id":508,"date":"2023-01-18T11:48:10","date_gmt":"2023-01-18T10:48:10","guid":{"rendered":"http:\/\/mlcpree.cluster029.hosting.ovh.net\/?page_id=508"},"modified":"2023-08-22T11:22:10","modified_gmt":"2023-08-22T09:22:10","slug":"soigne-ton-cv-ta-lettre-de-motivation-et-prepare-tes-entretiens-dembauche","status":"publish","type":"page","link":"https:\/\/latetedelemploi.be\/index.php\/soigne-ton-cv-ta-lettre-de-motivation-et-prepare-tes-entretiens-dembauche\/","title":{"rendered":"Soigne ton cv, ta lettre de motivation et pr\u00e9pare tes entretiens d\u2019embauche"},"content":{"rendered":"\n<p>Prends le temps de personnaliser chacune de tes candidatures en <a href=\"https:\/\/latetedelemploi.be\/index.php\/2023\/01\/18\/decrypter-les-offres-demploi\/\" target=\"_blank\" rel=\"noreferrer noopener\">d\u00e9cryptant bien l\u2019offre d\u2019emploi<\/a> \u2013 Adresse tes <a href=\"https:\/\/latetedelemploi.be\/index.php\/2023\/01\/18\/une-candidature-spontanee-efficace\/\" target=\"_blank\" rel=\"noreferrer noopener\">candidatures spontan\u00e9es<\/a> \u00e0 la bonne personne.<\/p>\n\n\n\n<p><a href=\"https:\/\/latetedelemploi.be\/index.php\/le-curriculum-vitae\/\" target=\"_blank\" rel=\"noreferrer noopener\">Le Curriculum Vitae<\/a> est le document qui te repr\u00e9sente. Il doit donner envie de te rencontrer. Il est r\u00e9dig\u00e9 en fonction d\u2019un type d\u2019emploi ou d&#8217;un secteur. Il faut donc l\u2019adapter en fonction de chaque candidature.<\/p>\n\n\n\n<p>La lettre d\u2019accompagnement te permet de d\u00e9montrer ta motivation. Elle invite \u00e0 lire le cv en attirant l\u2019attention de l\u2019employeur sur tes points forts. La lettre, tout comme le cv, doit \u00eatre personnalis\u00e9e. Evite donc de recopier toujours la m\u00eame lettre. Renseigne-toi sur l\u2019entreprise, sa fa\u00e7on de travailler, pour montrer ton int\u00e9r\u00eat.<\/p>\n\n\n\n<p>Les employeurs re\u00e7oivent beaucoup de candidatures. Il est donc tr\u00e8s important de savoir retenir leur attention. M\u00eame si tu optes pour une candidature \u00e9lectronique, tu dois joindre ton cv et soigner ton mail. Attention aux fautes d\u2019orthographe, qui ne font pas bonne impression. De toute fa\u00e7on, il est toujours int\u00e9ressant de faire relire ta lettre.<\/p>\n\n\n\n<p><a rel=\"noreferrer noopener\" href=\"https:\/\/latetedelemploi.be\/index.php\/lentretien-dembauche\/\" target=\"_blank\">L\u2019entretien d\u2019embauche<\/a> n\u2019est pas un examen mais une rencontre, o\u00f9 l\u2019employeur et toi-m\u00eame v\u00e9rifiez qu\u2019une collaboration est possible. Tu auras peu de temps pour faire bonne impression. Il faut donc te pr\u00e9parer <a href=\"https:\/\/latetedelemploi.be\/wp-content\/uploads\/2023\/08\/les-questions-les-plus-souvent-posees.pdf\" target=\"_blank\" rel=\"noreferrer noopener\">aux principales questions d\u2019un entretien d\u2019embauche<\/a>.<\/p>\n\n\n\n<p>Une candidature se pr\u00e9pare. Pour te d\u00e9marquer des autres candidats, ta lettre et ton cv doivent faire mouche. La lettre donne envie de lire ton cv. Ton cv donne envie de te rencontrer.<\/p>\n","protected":false},"excerpt":{"rendered":"<p>Prends le temps de personnaliser chacune de tes candidatures en d\u00e9cryptant bien l\u2019offre d\u2019emploi \u2013 Adresse tes candidatures spontan\u00e9es \u00e0 la bonne personne. Le Curriculum Vitae est le document qui te repr\u00e9sente. Il doit donner envie de te rencontrer. Il est r\u00e9dig\u00e9 en fonction d\u2019un type d\u2019emploi ou d&#8217;un secteur. Il faut donc l\u2019adapter en [&hellip;]<\/p>\n","protected":false},"author":2,"featured_media":0,"parent":0,"menu_order":0,"comment_status":"closed","ping_status":"closed","template":"","meta":{"footnotes":""},"class_list":["post-508","page","type-page","status-publish","hentry"],"_links":{"self":[{"href":"https:\/\/latetedelemploi.be\/index.php\/wp-json\/wp\/v2\/pages\/508","targetHints":{"allow":["GET"]}}],"collection":[{"href":"https:\/\/latetedelemploi.be\/index.php\/wp-json\/wp\/v2\/pages"}],"about":[{"href":"https:\/\/latetedelemploi.be\/index.php\/wp-json\/wp\/v2\/types\/page"}],"author":[{"embeddable":true,"href":"https:\/\/latetedelemploi.be\/index.php\/wp-json\/wp\/v2\/users\/2"}],"replies":[{"embeddable":true,"href":"https:\/\/latetedelemploi.be\/index.php\/wp-json\/wp\/v2\/comments?post=508"}],"version-history":[{"count":3,"href":"https:\/\/latetedelemploi.be\/index.php\/wp-json\/wp\/v2\/pages\/508\/revisions"}],"predecessor-version":[{"id":1878,"href":"https:\/\/latetedelemploi.be\/index.php\/wp-json\/wp\/v2\/pages\/508\/revisions\/1878"}],"wp:attachment":[{"href":"https:\/\/latetedelemploi.be\/index.php\/wp-json\/wp\/v2\/media?parent=508"}],"curies":[{"name":"wp","href":"https:\/\/api.w.org\/{rel}","templated":true}]}}