{"id":504,"date":"2023-01-18T11:47:30","date_gmt":"2023-01-18T10:47:30","guid":{"rendered":"http:\/\/mlcpree.cluster029.hosting.ovh.net\/?page_id=504"},"modified":"2023-08-22T11:16:11","modified_gmt":"2023-08-22T09:16:11","slug":"trouve-des-offres-demploi","status":"publish","type":"page","link":"https:\/\/latetedelemploi.be\/index.php\/trouve-des-offres-demploi\/","title":{"rendered":"Trouve des offres d\u2019emploi"},"content":{"rendered":"\n<h3 class=\"wp-block-heading\">Ne te concentre pas sur une seule fili\u00e8re de recherche.<\/h3>\n\n\n\n<ul class=\"wp-block-list\">\n<li>Consulte les journaux : la Meuse ou Le soir du samedi et certains journaux toutes boites.<\/li>\n\n\n\n<li>Visite les <a href=\"https:\/\/latetedelemploi.be\/index.php\/consulter-des-offres-demploi\/\" target=\"_blank\" rel=\"noreferrer noopener\">sites d\u2019offres d\u2019emploi<\/a> sur le web.<\/li>\n\n\n\n<li>Regarde sur <a rel=\"noreferrer noopener\" href=\"https:\/\/latetedelemploi.be\/fr\/liens-vers-plus-de-500-entreprises\/\" target=\"_blank\">l<\/a><a href=\"https:\/\/latetedelemploi.be\/index.php\/glossaire\/\" target=\"_blank\" rel=\"noreferrer noopener\">a page job des sites des entrepri<\/a><a rel=\"noreferrer noopener\" href=\"https:\/\/latetedelemploi.be\/fr\/liens-vers-plus-de-500-entreprises\/\" target=\"_blank\">ses<\/a>.<\/li>\n\n\n\n<li>Introduis des <a href=\"https:\/\/latetedelemploi.be\/index.php\/2023\/01\/18\/une-candidature-spontanee-efficace\/\" target=\"_blank\" rel=\"noreferrer noopener\">candidatures spontan\u00e9es<\/a>.<\/li>\n\n\n\n<li>Le bouche-\u00e0-oreille est l\u2019une des m\u00e9thodes les plus efficaces: <a href=\"https:\/\/latetedelemploi.be\/index.php\/2023\/01\/18\/activez-votre-reseau-oui-mais-pas-nimporte-comment\/\" target=\"_blank\" rel=\"noreferrer noopener\">active ton r\u00e9seau<\/a> en prenant contact avec tes anciens lieux de stage ou jobs d\u2019\u00e9tudiant, tes anciens coll\u00e8gues ou camarades de formation, \u2026<\/li>\n\n\n\n<li>Consulte le site du Selor et postule dans la <a href=\"https:\/\/latetedelemploi.be\/index.php\/2023\/01\/18\/un-emploi-dans-le-secteur-public\/\" target=\"_blank\" rel=\"noreferrer noopener\">fonction publique<\/a>.<\/li>\n\n\n\n<li>Inscris-toi dans les <a href=\"https:\/\/latetedelemploi.be\/index.php\/agences-interim\/\" target=\"_blank\" rel=\"noreferrer noopener\">agences d\u2019int\u00e9rim<\/a>.<\/li>\n\n\n\n<li><a href=\"https:\/\/latetedelemploi.be\/index.php\/2023\/01\/18\/comment-acceder-aux-offres-cachees\/\" target=\"_blank\" rel=\"noreferrer noopener\">D\u00e9couvre les offres que les employeurs n\u2019ont pas publi\u00e9es<\/a>.<\/li>\n\n\n\n<li>Participe aux foires et salons de l\u2019emploi.<\/li>\n\n\n\n<li>Ton \u00e9cole a peut-\u00eatre mis en place un service d\u2019aide \u00e0 la recherche emploi pour les anciens \u00e9l\u00e8ves.<\/li>\n\n\n\n<li>Fr\u00e9quente une <a href=\"https:\/\/www.leforem.be\/contact\/maisons-de-l-emploi.html\" target=\"_blank\" rel=\"noreferrer noopener\">maison de l\u2019emploi<\/a> pour y consulter les offres d\u2019emploi du Forem ou surfer gratuitement sur internet. Tu pourras aussi entrer en contact avec un conseiller.<\/li>\n<\/ul>\n\n\n\n<p>Les annonces publi\u00e9es ne repr\u00e9sentent que 30 % des offres disponibles. Envoie des candidatures spontan\u00e9es ou utilise le bouche-\u00e0-oreille.<\/p>\n","protected":false},"excerpt":{"rendered":"<p>Ne te concentre pas sur une seule fili\u00e8re de recherche. Les annonces publi\u00e9es ne repr\u00e9sentent que 30 % des offres disponibles. Envoie des candidatures spontan\u00e9es ou utilise le bouche-\u00e0-oreille.<\/p>\n","protected":false},"author":2,"featured_media":0,"parent":0,"menu_order":0,"comment_status":"closed","ping_status":"closed","template":"","meta":{"footnotes":""},"class_list":["post-504","page","type-page","status-publish","hentry"],"_links":{"self":[{"href":"https:\/\/latetedelemploi.be\/index.php\/wp-json\/wp\/v2\/pages\/504","targetHints":{"allow":["GET"]}}],"collection":[{"href":"https:\/\/latetedelemploi.be\/index.php\/wp-json\/wp\/v2\/pages"}],"about":[{"href":"https:\/\/latetedelemploi.be\/index.php\/wp-json\/wp\/v2\/types\/page"}],"author":[{"embeddable":true,"href":"https:\/\/latetedelemploi.be\/index.php\/wp-json\/wp\/v2\/users\/2"}],"replies":[{"embeddable":true,"href":"https:\/\/latetedelemploi.be\/index.php\/wp-json\/wp\/v2\/comments?post=504"}],"version-history":[{"count":3,"href":"https:\/\/latetedelemploi.be\/index.php\/wp-json\/wp\/v2\/pages\/504\/revisions"}],"predecessor-version":[{"id":1874,"href":"https:\/\/latetedelemploi.be\/index.php\/wp-json\/wp\/v2\/pages\/504\/revisions\/1874"}],"wp:attachment":[{"href":"https:\/\/latetedelemploi.be\/index.php\/wp-json\/wp\/v2\/media?parent=504"}],"curies":[{"name":"wp","href":"https:\/\/api.w.org\/{rel}","templated":true}]}}