{"id":500,"date":"2023-01-18T11:46:50","date_gmt":"2023-01-18T10:46:50","guid":{"rendered":"http:\/\/mlcpree.cluster029.hosting.ovh.net\/?page_id=500"},"modified":"2023-08-22T11:08:09","modified_gmt":"2023-08-22T09:08:09","slug":"acquiers-de-lexperience","status":"publish","type":"page","link":"https:\/\/latetedelemploi.be\/index.php\/acquiers-de-lexperience\/","title":{"rendered":"Acquiers de l\u2019exp\u00e9rience"},"content":{"rendered":"\n<h3 class=\"wp-block-heading\">Pourquoi faire un stage en entreprise ?<\/h3>\n\n\n\n<p>Le stage en entreprise peut t\u2019apporter une premi\u00e8re exp\u00e9rience de mani\u00e8re \u00e0 enrichir ton cv. Il peut aussi te permettre de faire le point sur tes comp\u00e9tences en recevant les conseils de professionnels. C\u2019est \u00e9galement un bon moyen de d\u00e9montrer ton savoir-faire et prouver ta motivation \u00e0 un employeur. C\u2019est donc une bonne mani\u00e8re de te faire conna\u00eetre positivement.<\/p>\n\n\n\n<p>Cela peut te permettre tout simplement de faire le point pour savoir quelle orientation donner \u00e0 ta future carri\u00e8re.<\/p>\n\n\n\n<p>Certains organismes de formations professionnelles ou service de jobcoaching offrent la possibilit\u00e9 de faire un stage. C&#8217;est le cas des <a href=\"https:\/\/www.mirelasbl.be\/antennes\" target=\"_blank\" rel=\"noreferrer noopener\">MIRE (Missions R\u00e9gionales pour l&#8217;Emploi)<\/a> qui accompagnent et soutiennent les jeunes dans leurs recherches d&#8217;emploi. Un autre site peut te permettre de trouver un stage : <a rel=\"noreferrer noopener\" href=\"http:\/\/www.monstage.be\/\" target=\"_blank\">www.monstage.be<\/a><\/p>\n\n\n\n<p>Les stages, jobs d&#8217;\u00e9tudiant te permettent de te faire conna\u00eetre par les entreprises. Chaque nouvelle exp\u00e9rience enrichit ton cv.<\/p>\n","protected":false},"excerpt":{"rendered":"<p>Pourquoi faire un stage en entreprise ? Le stage en entreprise peut t\u2019apporter une premi\u00e8re exp\u00e9rience de mani\u00e8re \u00e0 enrichir ton cv. Il peut aussi te permettre de faire le point sur tes comp\u00e9tences en recevant les conseils de professionnels. C\u2019est \u00e9galement un bon moyen de d\u00e9montrer ton savoir-faire et prouver ta motivation \u00e0 un [&hellip;]<\/p>\n","protected":false},"author":2,"featured_media":0,"parent":0,"menu_order":0,"comment_status":"closed","ping_status":"closed","template":"","meta":{"footnotes":""},"class_list":["post-500","page","type-page","status-publish","hentry"],"_links":{"self":[{"href":"https:\/\/latetedelemploi.be\/index.php\/wp-json\/wp\/v2\/pages\/500","targetHints":{"allow":["GET"]}}],"collection":[{"href":"https:\/\/latetedelemploi.be\/index.php\/wp-json\/wp\/v2\/pages"}],"about":[{"href":"https:\/\/latetedelemploi.be\/index.php\/wp-json\/wp\/v2\/types\/page"}],"author":[{"embeddable":true,"href":"https:\/\/latetedelemploi.be\/index.php\/wp-json\/wp\/v2\/users\/2"}],"replies":[{"embeddable":true,"href":"https:\/\/latetedelemploi.be\/index.php\/wp-json\/wp\/v2\/comments?post=500"}],"version-history":[{"count":2,"href":"https:\/\/latetedelemploi.be\/index.php\/wp-json\/wp\/v2\/pages\/500\/revisions"}],"predecessor-version":[{"id":1872,"href":"https:\/\/latetedelemploi.be\/index.php\/wp-json\/wp\/v2\/pages\/500\/revisions\/1872"}],"wp:attachment":[{"href":"https:\/\/latetedelemploi.be\/index.php\/wp-json\/wp\/v2\/media?parent=500"}],"curies":[{"name":"wp","href":"https:\/\/api.w.org\/{rel}","templated":true}]}}