{"id":498,"date":"2023-01-18T11:46:12","date_gmt":"2023-01-18T10:46:12","guid":{"rendered":"http:\/\/mlcpree.cluster029.hosting.ovh.net\/?page_id=498"},"modified":"2023-08-22T11:32:03","modified_gmt":"2023-08-22T09:32:03","slug":"renseigne-toi-sur-le-marche-du-travail","status":"publish","type":"page","link":"https:\/\/latetedelemploi.be\/index.php\/renseigne-toi-sur-le-marche-du-travail\/","title":{"rendered":"Renseigne-toi sur le march\u00e9 du travail"},"content":{"rendered":"\n<h3 class=\"wp-block-heading\">Confronte ton projet professionnel avec la r\u00e9alit\u00e9<\/h3>\n\n\n\n<p>Bien conna\u00eetre le(s) m\u00e9tier(s ) et le secteur qui t&#8217;int\u00e9ressent te fera gagner beaucoup de temps et te permettra d&#8217;effectuer une recherche d&#8217;emploi efficace. Existe-il des entreprises proposant des postes comme celui que tu voudrais dans ta r\u00e9gion ? Pour obtenir des informations sur le secteur de ton choix, voire m\u00eame sur une entreprise en particulier, surfe sur internet.<\/p>\n\n\n\n<p>Il existe des sites sp\u00e9cialis\u00e9s dans l&#8217;information sur les m\u00e9tiers :<\/p>\n\n\n\n<p><a rel=\"noreferrer noopener\" href=\"https:\/\/jeunes.leforem.be\/accueil\" target=\"_blank\">La partie jeune<\/a> du site du Forem propose plein d&#8217;informations sur les m\u00e9tiers, leurs places sur le march\u00e9 de l&#8217;emploi, sur les secteurs d&#8217;activit\u00e9 o\u00f9 ils s&#8217;exercent. Tu pourras \u00e9galement consulter les offres d&#8217;emploi qui y sont li\u00e9es ou encore trouver les \u00e9tudes et formations qui m\u00e8nent \u00e0 un m\u00e9tier.<\/p>\n\n\n\n<p>Le SIEP (Service d&#8217;Information sur les Etudes et les Professions) propose \u00e9galement un site tr\u00e8s bien con\u00e7u. Tu pourras y <a href=\"http:\/\/metiers.siep.be\/\" target=\"_blank\" rel=\"noreferrer noopener\">consulter des fiches m\u00e9tiers tr\u00e8s d\u00e9taill\u00e9es<\/a>.<\/p>\n\n\n\n<p>Le site <a href=\"http:\/\/www.lesmetiers.net\/\" target=\"_blank\" rel=\"noreferrer noopener\">lesmetiers.net<\/a> te donne \u00e9galement une multitude d&#8217;infos avec m\u00eame des petites vid\u00e9os sur des t\u00e9moignages de professionnels.<\/p>\n\n\n\n<p>Les medias et les petites annonces apportent des infos tr\u00e8s utiles pour savoir si ton projet tient la route. Tiens-toi au courant de l&#8217;actu \u00e9conomique de ta r\u00e9gion en regardant les journaux t\u00e9l\u00e9vis\u00e9s ou \u00e9crits. Tu entendras parler des entreprises qui ferment mais aussi des projets de d\u00e9veloppement dans des secteurs qui se portent bien.<\/p>\n\n\n\n<p>Les employeurs qui diffusent des offres d&#8217;emploi indiquent clairement le profil des candidats qui les int\u00e9ressent. Demandent-ils un dipl\u00f4me ? Faut-il parler plusieurs langues ? Quels logiciels faut-il ma\u00eetriser ? Faut-il \u00eatre en possession d&#8217;un permis de conduire, etc., etc. Si tu ne corresponds pas tout \u00e0 fait, tu peux peut-\u00eatre suivre une formation. Et si tu ne vois jamais d&#8217;annonce\u2026il s&#8217;agit peut-\u00eatre d&#8217;un secteur non porteur, c&#8217;est-\u00e0-dire dans lequel il n&#8217;y a pas d&#8217;emploi ou tr\u00e8s peu de postes. Et dans ce cas, il est pr\u00e9f\u00e9rable de changer d&#8217;orientation !<\/p>\n\n\n\n<p>Interroge-toi sur la culture de l&#8217;entreprise qui t&#8217;int\u00e9resse. Corresponds-tu aux crit\u00e8res qui sont partag\u00e9s par tes futurs coll\u00e8gues ? As-tu le bon look ? Le travail que tu envisages de faire est-il en ad\u00e9quation avec tes propres valeurs ?<\/p>\n\n\n\n<p>N&#8217;h\u00e9site pas \u00e0 solliciter l&#8217;aide d&#8217;un professionnel du secteur. Tu peux te rendre \u00e0 des salons ou foires commerciales pour rencontrer des professionnels du secteur ou carr\u00e9ment prendre contact avec une personne qui occupe un poste qui t&#8217;int\u00e9resse.<\/p>\n\n\n\n<p>De nombreux outils peuvent t&#8217;aider \u00e0 savoir si ton projet professionnel tient la route. Adapte-toi au march\u00e9 du travail.<\/p>\n","protected":false},"excerpt":{"rendered":"<p>Confronte ton projet professionnel avec la r\u00e9alit\u00e9 Bien conna\u00eetre le(s) m\u00e9tier(s ) et le secteur qui t&#8217;int\u00e9ressent te fera gagner beaucoup de temps et te permettra d&#8217;effectuer une recherche d&#8217;emploi efficace. Existe-il des entreprises proposant des postes comme celui que tu voudrais dans ta r\u00e9gion ? Pour obtenir des informations sur le secteur de ton [&hellip;]<\/p>\n","protected":false},"author":2,"featured_media":0,"parent":0,"menu_order":0,"comment_status":"closed","ping_status":"closed","template":"","meta":{"footnotes":""},"class_list":["post-498","page","type-page","status-publish","hentry"],"_links":{"self":[{"href":"https:\/\/latetedelemploi.be\/index.php\/wp-json\/wp\/v2\/pages\/498","targetHints":{"allow":["GET"]}}],"collection":[{"href":"https:\/\/latetedelemploi.be\/index.php\/wp-json\/wp\/v2\/pages"}],"about":[{"href":"https:\/\/latetedelemploi.be\/index.php\/wp-json\/wp\/v2\/types\/page"}],"author":[{"embeddable":true,"href":"https:\/\/latetedelemploi.be\/index.php\/wp-json\/wp\/v2\/users\/2"}],"replies":[{"embeddable":true,"href":"https:\/\/latetedelemploi.be\/index.php\/wp-json\/wp\/v2\/comments?post=498"}],"version-history":[{"count":3,"href":"https:\/\/latetedelemploi.be\/index.php\/wp-json\/wp\/v2\/pages\/498\/revisions"}],"predecessor-version":[{"id":1880,"href":"https:\/\/latetedelemploi.be\/index.php\/wp-json\/wp\/v2\/pages\/498\/revisions\/1880"}],"wp:attachment":[{"href":"https:\/\/latetedelemploi.be\/index.php\/wp-json\/wp\/v2\/media?parent=498"}],"curies":[{"name":"wp","href":"https:\/\/api.w.org\/{rel}","templated":true}]}}