{"id":496,"date":"2023-01-18T11:44:51","date_gmt":"2023-01-18T10:44:51","guid":{"rendered":"http:\/\/mlcpree.cluster029.hosting.ovh.net\/?page_id=496"},"modified":"2023-08-22T11:06:19","modified_gmt":"2023-08-22T09:06:19","slug":"construis-ton-projet-professionnel","status":"publish","type":"page","link":"https:\/\/latetedelemploi.be\/index.php\/construis-ton-projet-professionnel\/","title":{"rendered":"Construis ton projet professionnel"},"content":{"rendered":"\n<h2 class=\"wp-block-heading\">Sais-tu exactement ce que tu recherches ?<\/h2>\n\n\n\n<p>Tu trouveras plus vite si tu as bien r\u00e9fl\u00e9chi et choisi la profession qui te correspond. Il faut que tu appr\u00e9cies les t\u00e2ches qui te seront confi\u00e9es et que tu sois comp\u00e9tent pour bien les r\u00e9aliser.<\/p>\n\n\n\n<p>&#8211; Quels sont tes champs d\u2019int\u00e9r\u00eat ? Voici <a href=\"http:\/\/www.lesmetiers.net\/orientation\/c_18048\/test-d-orientation-lesmetiersnet\" target=\"_blank\" rel=\"noreferrer noopener\">un site qui peut servir de point de d\u00e9part \u00e0 ta r\u00e9flexion<\/a>. Tu pourras m\u00eame faire un test et d\u00e9couvrir certains m\u00e9tiers qui correspondent \u00e0 tes r\u00e9sultats. Bien entendu, il ne faut pas baser ton choix sur un seul test mais cela peut te donner des pistes.<\/p>\n\n\n\n<p>&#8211; Quelles sont tes aptitudes, tes comp\u00e9tences ? Qu\u2019as-tu appris au cours de tes \u00e9tudes ? Quelles sont les t\u00e2ches que tu as d\u00e9j\u00e0 accomplies au cours de tes stages ou dans ta vie priv\u00e9e et associative ? Qu\u2019est\u2013ce-que tu sais bien faire ? Quelles sont les mati\u00e8res dans lesquelles tu apprends vite ? Et au contraire \u2026.quelles sont les mati\u00e8res qui te posaient probl\u00e8mes au cours de tes \u00e9tudes ? Pour quel genre de travail es-tu peu dou\u00e9 ?<\/p>\n\n\n\n<p>&#8211; Quels sont les principaux traits de ta personnalit\u00e9 ? Es-tu sportif, sociable, soign\u00e9, pers\u00e9v\u00e9rant, pr\u00e9cis, m\u00e9thodique \u2026 ? <\/p>\n\n\n\n<p>&#8211; Tiens compte de ta mobilit\u00e9 et de ta disponibilit\u00e9.<br>Quelles sont tes possibilit\u00e9s de te d\u00e9placer ? De quel moyen de transport disposes-tu ? Dans quel territoire peux-tu rechercher un emploi ? Accepterais-tu de d\u00e9m\u00e9nager pour te rapprocher de ton lieu de travail ? Comment vas-tu te rendre au boulot lors des jours de gr\u00e8ve des transports en commun ? Souhaites- tu travailler la journ\u00e9e, le soir, la nuit, le week-end ? Acceptes-tu de travailler en horaire d\u00e9cal\u00e9 ? Existe-t-il des contraintes d&#8217;horaire (heures durant lesquelles tu as des obligations qui t&#8217;emp\u00eacheront de travailler).<\/p>\n\n\n\n<p>&#8211; D\u00e9termine ton cadre de travail id\u00e9al.<br>Exemples: je souhaite travailler dans une entreprise \u00e0 taille humaine &#8211; je souhaite travailler dans un bureau \u2013 je souhaite travailler manuellement \u2013 je souhaite travailler en plein air \u2013 j&#8217;ai envie d&#8217;aider les autres &#8211; etc.<\/p>\n\n\n\n<p>&#8211; L&#8217;erreur \u00e0 ne pas commettre.<br>Il est important de tenir compte de tes envies, de tes attentes mais ne te braque pas sur l&#8217;emploi de tes r\u00eaves s&#8217;il n&#8217;est pas accessible. Fais preuve de souplesse et oriente-toi vers une profession qui tienne compte des r\u00e9alit\u00e9s.<\/p>\n\n\n\n<p>&#8211; N&#8217;h\u00e9site pas \u00e0 demander \u00e0 tes proches un coup main pour t&#8217;aider dans ta r\u00e9flexion. Ils te connaissent bien et pourront te donner des pistes pour bien choisir le job qui te convient. Tu peux aussi te faire aider par des professionnels pour faire le point ou participer \u00e0 des <a href=\"https:\/\/www.leforem.be\/particuliers\/tester-metier-essais-metiers.html\" target=\"_blank\" rel=\"noreferrer noopener\">essais m\u00e9tiers<\/a>.<\/p>\n\n\n\n<p>Cible efficacement l&#8217;emploi fait pour toi et augmente consid\u00e9rablement tes chances d&#8217;aboutir.<\/p>\n","protected":false},"excerpt":{"rendered":"<p>Sais-tu exactement ce que tu recherches ? Tu trouveras plus vite si tu as bien r\u00e9fl\u00e9chi et choisi la profession qui te correspond. Il faut que tu appr\u00e9cies les t\u00e2ches qui te seront confi\u00e9es et que tu sois comp\u00e9tent pour bien les r\u00e9aliser. &#8211; Quels sont tes champs d\u2019int\u00e9r\u00eat ? Voici un site qui peut [&hellip;]<\/p>\n","protected":false},"author":2,"featured_media":0,"parent":0,"menu_order":0,"comment_status":"closed","ping_status":"closed","template":"","meta":{"footnotes":""},"class_list":["post-496","page","type-page","status-publish","hentry"],"_links":{"self":[{"href":"https:\/\/latetedelemploi.be\/index.php\/wp-json\/wp\/v2\/pages\/496","targetHints":{"allow":["GET"]}}],"collection":[{"href":"https:\/\/latetedelemploi.be\/index.php\/wp-json\/wp\/v2\/pages"}],"about":[{"href":"https:\/\/latetedelemploi.be\/index.php\/wp-json\/wp\/v2\/types\/page"}],"author":[{"embeddable":true,"href":"https:\/\/latetedelemploi.be\/index.php\/wp-json\/wp\/v2\/users\/2"}],"replies":[{"embeddable":true,"href":"https:\/\/latetedelemploi.be\/index.php\/wp-json\/wp\/v2\/comments?post=496"}],"version-history":[{"count":2,"href":"https:\/\/latetedelemploi.be\/index.php\/wp-json\/wp\/v2\/pages\/496\/revisions"}],"predecessor-version":[{"id":1871,"href":"https:\/\/latetedelemploi.be\/index.php\/wp-json\/wp\/v2\/pages\/496\/revisions\/1871"}],"wp:attachment":[{"href":"https:\/\/latetedelemploi.be\/index.php\/wp-json\/wp\/v2\/media?parent=496"}],"curies":[{"name":"wp","href":"https:\/\/api.w.org\/{rel}","templated":true}]}}