{"id":46,"date":"2023-01-12T09:59:52","date_gmt":"2023-01-12T08:59:52","guid":{"rendered":"http:\/\/mlcpree.cluster029.hosting.ovh.net\/?page_id=46"},"modified":"2023-08-22T15:21:52","modified_gmt":"2023-08-22T13:21:52","slug":"les-syndicats-et-la-capac","status":"publish","type":"page","link":"https:\/\/latetedelemploi.be\/index.php\/les-syndicats-et-la-capac\/","title":{"rendered":"Les syndicats et la CAPAC"},"content":{"rendered":"\n<p><strong>Les syndicats et la Caisse Auxiliaire de Paiement des Allocations de Ch\u00f4mage (CAPAC)&nbsp; sont les organismes charg\u00e9s du paiement des allocations de ch\u00f4mage&nbsp;et&nbsp;des allocations de travail relatives aux aides \u00e0 l\u2019emploi.<\/strong><\/p>\n\n\n\n<p>Les syndicats sont li\u00e9s \u00e0 une formation politique et, contrairement \u00e0 la CAPAC, assurent \u00e9galement un r\u00f4le d\u2019information et de d\u00e9fense des droits des travailleurs.<\/p>\n\n\n\n<figure class=\"wp-block-table\"><table><tbody><tr><td><img decoding=\"async\" src=\"https:\/\/latetedelemploi.be\/wp-content\/uploads\/2023\/01\/capac.png\" alt=\"\"><a href=\"https:\/\/latetedelemploi.be\/fr\/wp-content\/uploads\/2013\/01\/capac.png\"><\/a><\/td><td>Boulevard d\u2019Avroy&nbsp;63 4000 Li\u00e8ge<br>T\u00e9l.&nbsp;: 04 \/ 230 31 70<br>Fax: 04 \/ 230 31 79<br>Site internet:&nbsp;<a href=\"https:\/\/www.hvw.fgov.be\/fr\" target=\"_blank\" rel=\"noreferrer noopener\">www.hvw.fgov.be<\/a><\/td><\/tr><\/tbody><\/table><\/figure>\n\n\n\n<figure class=\"wp-block-table\"><table><tbody><tr><td><img decoding=\"async\" src=\"https:\/\/latetedelemploi.be\/wp-content\/uploads\/2023\/01\/fgtb1.png\" alt=\"\"><a href=\"https:\/\/latetedelemploi.be\/fr\/wp-content\/uploads\/2013\/01\/fgtb1.png\"><\/a><\/td><td>Place Saint-Paul, 9-11 4000 Li\u00e8ge<br>T\u00e9l.&nbsp;: 04\/221 95 11<br>Fax : 04\/222 05 98<br>E-mail&nbsp;:&nbsp;<a href=\"mailto:fgtbliege@fgtb.be\">fgtbliege@fgtb.be<br><\/a>Site internet:&nbsp;<a href=\"http:\/\/www.fgtb-liege.be\/\" target=\"_blank\" rel=\"noreferrer noopener\">www.fgtb-liege.be<\/a><\/td><\/tr><\/tbody><\/table><\/figure>\n\n\n\n<figure class=\"wp-block-table\"><table><tbody><tr><td><img decoding=\"async\" src=\"https:\/\/latetedelemploi.be\/wp-content\/uploads\/2023\/01\/csc.png\" alt=\"\"><a href=\"https:\/\/latetedelemploi.be\/fr\/wp-content\/uploads\/2013\/01\/csc.png\"><\/a><\/td><td>Boulevard Saucy, 10 4020 Li\u00e8ge<br>T\u00e9l.\u00a0: 04\/340.70.00<br>E-mail\u00a0: cdsliege@acv-csc.be<br>Plus d\u2019infos\u00a0?\u00a0<a href=\"https:\/\/www.lacsc.be\/\" target=\"_blank\" rel=\"noreferrer noopener\">ici<\/a><\/td><\/tr><\/tbody><\/table><\/figure>\n\n\n\n<figure class=\"wp-block-table\"><table><tbody><tr><td><img decoding=\"async\" src=\"https:\/\/latetedelemploi.be\/wp-content\/uploads\/2023\/01\/cgslb.png\" alt=\"\"><a href=\"https:\/\/latetedelemploi.be\/fr\/wp-content\/uploads\/2013\/01\/cgslb.png\"><\/a><\/td><td>Boulevard Piercot, 11 4000 Li\u00e8ge<br>T\u00e9l.&nbsp;: 04\/223.07.88<br>E-mail&nbsp;:&nbsp;<a href=\"mailto:liege@cgslb.be\">liege@cgslb.be<br><\/a>Plus d\u2019infos&nbsp;?&nbsp;<a href=\"http:\/\/www.cgslb.be\/fr\" target=\"_blank\" rel=\"noreferrer noopener\">ici<\/a><\/td><\/tr><\/tbody><\/table><\/figure>\n","protected":false},"excerpt":{"rendered":"<p>Les syndicats et la Caisse Auxiliaire de Paiement des Allocations de Ch\u00f4mage (CAPAC)&nbsp; sont les organismes charg\u00e9s du paiement des allocations de ch\u00f4mage&nbsp;et&nbsp;des allocations de travail relatives aux aides \u00e0 l\u2019emploi. Les syndicats sont li\u00e9s \u00e0 une formation politique et, contrairement \u00e0 la CAPAC, assurent \u00e9galement un r\u00f4le d\u2019information et de d\u00e9fense des droits des [&hellip;]<\/p>\n","protected":false},"author":2,"featured_media":0,"parent":0,"menu_order":0,"comment_status":"closed","ping_status":"closed","template":"","meta":{"footnotes":""},"class_list":["post-46","page","type-page","status-publish","hentry"],"_links":{"self":[{"href":"https:\/\/latetedelemploi.be\/index.php\/wp-json\/wp\/v2\/pages\/46","targetHints":{"allow":["GET"]}}],"collection":[{"href":"https:\/\/latetedelemploi.be\/index.php\/wp-json\/wp\/v2\/pages"}],"about":[{"href":"https:\/\/latetedelemploi.be\/index.php\/wp-json\/wp\/v2\/types\/page"}],"author":[{"embeddable":true,"href":"https:\/\/latetedelemploi.be\/index.php\/wp-json\/wp\/v2\/users\/2"}],"replies":[{"embeddable":true,"href":"https:\/\/latetedelemploi.be\/index.php\/wp-json\/wp\/v2\/comments?post=46"}],"version-history":[{"count":3,"href":"https:\/\/latetedelemploi.be\/index.php\/wp-json\/wp\/v2\/pages\/46\/revisions"}],"predecessor-version":[{"id":1923,"href":"https:\/\/latetedelemploi.be\/index.php\/wp-json\/wp\/v2\/pages\/46\/revisions\/1923"}],"wp:attachment":[{"href":"https:\/\/latetedelemploi.be\/index.php\/wp-json\/wp\/v2\/media?parent=46"}],"curies":[{"name":"wp","href":"https:\/\/api.w.org\/{rel}","templated":true}]}}