{"id":44,"date":"2023-01-12T09:57:34","date_gmt":"2023-01-12T08:57:34","guid":{"rendered":"http:\/\/mlcpree.cluster029.hosting.ovh.net\/?page_id=44"},"modified":"2023-08-22T15:19:07","modified_gmt":"2023-08-22T13:19:07","slug":"agences-interim","status":"publish","type":"page","link":"https:\/\/latetedelemploi.be\/index.php\/agences-interim\/","title":{"rendered":"Agences int\u00e9rim"},"content":{"rendered":"\n<p><strong>Elles sont tr\u00e8s nombreuses en r\u00e9gion li\u00e9geoise. En voici quelques-unes&nbsp;:<\/strong><\/p>\n\n\n\n<h4 class=\"wp-block-heading\"><a href=\"http:\/\/www.adecco.be\/\" target=\"_blank\" rel=\"noreferrer noopener\">ADECCO<\/a><\/h4>\n\n\n\n<p>Trouvez l\u2019agence pr\u00e8s de chez vous &nbsp;&nbsp;&nbsp;<a href=\"http:\/\/www.adecco.be\/fr-be\/locations\" target=\"_blank\" rel=\"noreferrer noopener\">ici<\/a><\/p>\n\n\n\n<h4 class=\"wp-block-heading\"><a href=\"http:\/\/www.randstad.be\/\" target=\"_blank\" rel=\"noreferrer noopener\">RANDSTAD<\/a><\/h4>\n\n\n\n<p>Trouvez l\u2019agence pr\u00e8s de chez vous&nbsp;<a href=\"https:\/\/www.randstad.be\/fr\/agences\/\" target=\"_blank\" rel=\"noreferrer noopener\">ici<\/a><\/p>\n\n\n\n<h4 class=\"wp-block-heading\"><a href=\"http:\/\/www.manpower.be\/\" target=\"_blank\" rel=\"noreferrer noopener\">MANPOWER<\/a><\/h4>\n\n\n\n<p>Trouvez l\u2019agence pr\u00e8s de chez vous &nbsp;&nbsp;<a href=\"http:\/\/manpower.be\/fr\/propos-de-manpower\/agences\" target=\"_blank\" rel=\"noreferrer noopener\">ici<\/a><\/p>\n\n\n\n<h4 class=\"wp-block-heading\"><a href=\"http:\/\/www.startpeople.be\/\" target=\"_blank\" rel=\"noreferrer noopener\">START PEOPLE<\/a><\/h4>\n\n\n\n<p>Trouvez l\u2019agence pr\u00e8s de chez vous \u00a0\u00a0<a href=\"https:\/\/www.startpeople.be\/fr\/agences\" target=\"_blank\" rel=\"noreferrer noopener\">ici<\/a><\/p>\n\n\n\n<h4 class=\"wp-block-heading\"><a href=\"https:\/\/www.asap.be\/\" target=\"_blank\" rel=\"noreferrer noopener\">ASAP<\/a><\/h4>\n\n\n\n<p>Trouvez l\u2019agence pr\u00e8s de chez vous\u00a0<a href=\"https:\/\/www.asap.be\/fr\/employe\/jobs\/langue\/fr\" target=\"_blank\" rel=\"noreferrer noopener\">ici<\/a><\/p>\n\n\n\n<h4 class=\"wp-block-heading\"><a href=\"https:\/\/www.tempo-team.be\/\" target=\"_blank\" rel=\"noreferrer noopener\"><\/a><a href=\"https:\/\/www.tempo-team.be\/\" target=\"_blank\" rel=\"noreferrer noopener\">Tempo Team<\/a><\/h4>\n\n\n\n<p>Trouvez l\u2019agence pr\u00e8s de chez vous<a href=\"https:\/\/www.tempo-team.be\/fr\/candidats\/agences\" target=\"_blank\" rel=\"noreferrer noopener\">&nbsp;ici<\/a><\/p>\n\n\n\n<h4 class=\"wp-block-heading\"><a href=\"http:\/\/www.equip-interim.be\/\" target=\"_blank\" rel=\"noreferrer noopener\">EQUIP\u2019INTERIM<\/a><\/h4>\n\n\n\n<p>Trouvez l\u2019agence pr\u00e8s de chez vous&nbsp;<a href=\"http:\/\/www.equip-interim.be\/contact.html\" target=\"_blank\" rel=\"noreferrer noopener\">ici<\/a><\/p>\n\n\n\n<h4 class=\"wp-block-heading\"><a href=\"https:\/\/www.synergiejobs.be\/\" target=\"_blank\" rel=\"noreferrer noopener\">SYNERGIE<\/a><\/h4>\n\n\n\n<p>Trouvez l\u2019agence pr\u00e8s de chez vous&nbsp;<a href=\"https:\/\/www.synergiejobs.be\/fr\/agencies\" target=\"_blank\" rel=\"noreferrer noopener\">ici<\/a><\/p>\n\n\n\n<h4 class=\"wp-block-heading\"><a href=\"http:\/\/www.leminterim.be\/\" target=\"_blank\" rel=\"noreferrer noopener\">LEM INTERIM<\/a><\/h4>\n\n\n\n<p>Trouvez l\u2019agence pr\u00e8s de chez vous&nbsp;<a href=\"http:\/\/www.leminterim.be\/Contact\/Coordonnees-(1)\" target=\"_blank\" rel=\"noreferrer noopener\">ici<\/a><\/p>\n\n\n\n<h4 class=\"wp-block-heading\"><a rel=\"noreferrer noopener\" href=\"https:\/\/www.teamone.be\/fr\/\" target=\"_blank\">TEAM ONE<\/a><\/h4>\n\n\n\n<p>Trouvez l\u2019agence pr\u00e8s de chez vous&nbsp;<a href=\"https:\/\/www.teamone.be\/fr\/#map\" target=\"_blank\" rel=\"noreferrer noopener\">ici<\/a><\/p>\n","protected":false},"excerpt":{"rendered":"<p>Elles sont tr\u00e8s nombreuses en r\u00e9gion li\u00e9geoise. En voici quelques-unes&nbsp;: ADECCO Trouvez l\u2019agence pr\u00e8s de chez vous &nbsp;&nbsp;&nbsp;ici RANDSTAD Trouvez l\u2019agence pr\u00e8s de chez vous&nbsp;ici MANPOWER Trouvez l\u2019agence pr\u00e8s de chez vous &nbsp;&nbsp;ici START PEOPLE Trouvez l\u2019agence pr\u00e8s de chez vous \u00a0\u00a0ici ASAP Trouvez l\u2019agence pr\u00e8s de chez vous\u00a0ici Tempo Team Trouvez l\u2019agence pr\u00e8s de [&hellip;]<\/p>\n","protected":false},"author":2,"featured_media":0,"parent":0,"menu_order":0,"comment_status":"closed","ping_status":"closed","template":"","meta":{"footnotes":""},"class_list":["post-44","page","type-page","status-publish","hentry"],"_links":{"self":[{"href":"https:\/\/latetedelemploi.be\/index.php\/wp-json\/wp\/v2\/pages\/44","targetHints":{"allow":["GET"]}}],"collection":[{"href":"https:\/\/latetedelemploi.be\/index.php\/wp-json\/wp\/v2\/pages"}],"about":[{"href":"https:\/\/latetedelemploi.be\/index.php\/wp-json\/wp\/v2\/types\/page"}],"author":[{"embeddable":true,"href":"https:\/\/latetedelemploi.be\/index.php\/wp-json\/wp\/v2\/users\/2"}],"replies":[{"embeddable":true,"href":"https:\/\/latetedelemploi.be\/index.php\/wp-json\/wp\/v2\/comments?post=44"}],"version-history":[{"count":3,"href":"https:\/\/latetedelemploi.be\/index.php\/wp-json\/wp\/v2\/pages\/44\/revisions"}],"predecessor-version":[{"id":1922,"href":"https:\/\/latetedelemploi.be\/index.php\/wp-json\/wp\/v2\/pages\/44\/revisions\/1922"}],"wp:attachment":[{"href":"https:\/\/latetedelemploi.be\/index.php\/wp-json\/wp\/v2\/media?parent=44"}],"curies":[{"name":"wp","href":"https:\/\/api.w.org\/{rel}","templated":true}]}}