{"id":40,"date":"2023-01-12T09:56:09","date_gmt":"2023-01-12T08:56:09","guid":{"rendered":"http:\/\/mlcpree.cluster029.hosting.ovh.net\/?page_id=40"},"modified":"2023-01-12T09:56:09","modified_gmt":"2023-01-12T08:56:09","slug":"services-du-forem","status":"publish","type":"page","link":"https:\/\/latetedelemploi.be\/index.php\/services-du-forem\/","title":{"rendered":"Services du FOREM"},"content":{"rendered":"\n<h4 class=\"wp-block-heading\"><a href=\"http:\/\/www.forem.be\/\" target=\"_blank\" rel=\"noreferrer noopener\"><br>Le FOREM<\/a><\/h4>\n\n\n\n<p>Li\u00e8ge<br>Val Beno\u00eet- Quai Banning 4 4000&nbsp;Li\u00e8ge<br>Tel.&nbsp;:&nbsp;04\/229.11.11<\/p>\n\n\n\n<p>Huy:<br>Chauss\u00e9e de Li\u00e8ge 51b<br>4500 \u2013 Huy<br>T\u00e9l. : 085\/27 08 27<\/p>\n\n\n\n<p>Verviers:<br>Rue du Coll\u00e8ge 1\/3<br>4800 \u2013 Verviers<br>T\u00e9l. : 087\/59.03.11<\/p>\n\n\n\n<p>Plus d\u2019infos&nbsp;? appelez gratuitement le 0800\/93.947<\/p>\n\n\n\n<h4 class=\"wp-block-heading\">Les Maisons de l\u2019Emploi<\/h4>\n\n\n\n<p>Elles sont des bureaux du Forem pr\u00e8s de chez vous&nbsp;:&nbsp;<a href=\"https:\/\/www.leforem.be\/contact\/maisons-de-l-emploi.html\" target=\"_blank\" rel=\"noreferrer noopener\">ici<\/a><\/p>\n\n\n\n<h4 class=\"wp-block-heading\">Carrefour Emploi Formation<\/h4>\n\n\n\n<p>Service d\u2019aide sp\u00e9cialis\u00e9 dans la recherche de formations et d\u2019emplois<br>Li\u00e8ge:<br>Quai Banning, 4 4000 \u2013 LIEGE<br>T\u00e9l. : 04\/254.57.42<br>E-mail:&nbsp;<a href=\"mailto:carrefouremploiformationorientation.liege@forem.be\">carrefouremploiformationorientation.liege@forem.be&nbsp;<\/a><\/p>\n\n\n\n<p>Huy<br>Place Saint-S\u00e9verin, 5a<br>4500 \u2013 Huy<br>T\u00e9l. : 085\/27.41.31<br>Fax. : 085\/25.04.85<br>E-mail:&nbsp;<a href=\"mailto:carrefouremploiformationorientation.huy@forem.be\">carrefouremploiformationorientation.huy@forem.be<\/a><\/p>\n\n\n\n<p>Verviers<br>Rue du Coll\u00e8ge 1\/3<br>4800 \u2013 Verviers<br>T\u00e9l. : 087\/59.03.00<br>E-mail:&nbsp;<a href=\"mailto:carrefouremploiformationorientation.verviers@forem.be\">carrefouremploiformationorientation.verviers@forem.be<\/a><\/p>\n\n\n\n<p>Un Carrefour Emploi Formation pr\u00e8s de chez vous&nbsp;? Cliquez&nbsp;<a href=\"https:\/\/www.leforem.be\/contact\/carrefours-emploi-formation-orientation.html\" target=\"_blank\" rel=\"noreferrer noopener\">ici<\/a><\/p>\n\n\n\n<h4 class=\"wp-block-heading\">Les Services Client\u00e8le<\/h4>\n\n\n\n<p>Service d\u2019information sur les formations du FOREM.<br>Les contacter&nbsp;?&nbsp;<a rel=\"noreferrer noopener\" href=\"https:\/\/www.leforem.be\/contact\/services-clientele.html\" target=\"_blank\">ici<\/a><\/p>\n\n\n\n<p>A Li\u00e8ge:&nbsp;<br><br>Square des Conduites d\u2019eau 9\/10 (b\u00e2timent G) 4020 Li\u00e8ge T\u00e9l.\/ 04\/225 57 10<\/p>\n\n\n\n<p>A Verviers:&nbsp;<\/p>\n\n\n\n<p>Rue du Coll\u00e8ge 1\/3 4800 Verviers T\u00e9l.: 087 59 03 11<\/p>\n\n\n\n<p>A Huy:&nbsp;<\/p>\n\n\n\n<p>Avenue Ch. et L. Godin, 5 4500 Huy T\u00e9l.: 085\/27 42 30<\/p>\n\n\n\n<h4 class=\"wp-block-heading\">Les conseillers en ressources humaines du Forem<\/h4>\n\n\n\n<p>Ils peuvent apporter un conseil personnalis\u00e9 concernant la gestion des ressources humaines.<br>Les contacter&nbsp;? Cliquez&nbsp;<a href=\"https:\/\/www.leforem.be\/conseiller-entreprise-libre-immediatement.html\" target=\"_blank\" rel=\"noreferrer noopener\">ici<\/a><\/p>\n","protected":false},"excerpt":{"rendered":"<p>Le FOREM Li\u00e8geVal Beno\u00eet- Quai Banning 4 4000&nbsp;Li\u00e8geTel.&nbsp;:&nbsp;04\/229.11.11 Huy:Chauss\u00e9e de Li\u00e8ge 51b4500 \u2013 HuyT\u00e9l. : 085\/27 08 27 Verviers:Rue du Coll\u00e8ge 1\/34800 \u2013 VerviersT\u00e9l. : 087\/59.03.11 Plus d\u2019infos&nbsp;? appelez gratuitement le 0800\/93.947 Les Maisons de l\u2019Emploi Elles sont des bureaux du Forem pr\u00e8s de chez vous&nbsp;:&nbsp;ici Carrefour Emploi Formation Service d\u2019aide sp\u00e9cialis\u00e9 dans la recherche [&hellip;]<\/p>\n","protected":false},"author":2,"featured_media":0,"parent":0,"menu_order":0,"comment_status":"closed","ping_status":"closed","template":"","meta":{"footnotes":""},"class_list":["post-40","page","type-page","status-publish","hentry"],"_links":{"self":[{"href":"https:\/\/latetedelemploi.be\/index.php\/wp-json\/wp\/v2\/pages\/40","targetHints":{"allow":["GET"]}}],"collection":[{"href":"https:\/\/latetedelemploi.be\/index.php\/wp-json\/wp\/v2\/pages"}],"about":[{"href":"https:\/\/latetedelemploi.be\/index.php\/wp-json\/wp\/v2\/types\/page"}],"author":[{"embeddable":true,"href":"https:\/\/latetedelemploi.be\/index.php\/wp-json\/wp\/v2\/users\/2"}],"replies":[{"embeddable":true,"href":"https:\/\/latetedelemploi.be\/index.php\/wp-json\/wp\/v2\/comments?post=40"}],"version-history":[{"count":1,"href":"https:\/\/latetedelemploi.be\/index.php\/wp-json\/wp\/v2\/pages\/40\/revisions"}],"predecessor-version":[{"id":41,"href":"https:\/\/latetedelemploi.be\/index.php\/wp-json\/wp\/v2\/pages\/40\/revisions\/41"}],"wp:attachment":[{"href":"https:\/\/latetedelemploi.be\/index.php\/wp-json\/wp\/v2\/media?parent=40"}],"curies":[{"name":"wp","href":"https:\/\/api.w.org\/{rel}","templated":true}]}}