{"id":38,"date":"2023-01-12T09:55:24","date_gmt":"2023-01-12T08:55:24","guid":{"rendered":"http:\/\/mlcpree.cluster029.hosting.ovh.net\/?page_id=38"},"modified":"2023-01-12T09:55:24","modified_gmt":"2023-01-12T08:55:24","slug":"aides-a-lemploi-et-legislation","status":"publish","type":"page","link":"https:\/\/latetedelemploi.be\/index.php\/aides-a-lemploi-et-legislation\/","title":{"rendered":"Aides \u00e0 l\u2019emploi et l\u00e9gislation"},"content":{"rendered":"\n<p><strong>Vous souhaitez plus d\u2019informations sur les aides \u00e0 l\u2019emploi&nbsp;?<\/strong><\/p>\n\n\n\n<p>Consultez les sites suivants&nbsp;:<\/p>\n\n\n\n<h4 class=\"wp-block-heading\"><a href=\"https:\/\/www.leforem.be\/particuliers\/aides-financieres-emploi.html\" target=\"_blank\" rel=\"noreferrer noopener\">Le site du FOREM<\/a><\/h4>\n\n\n\n<h4 class=\"wp-block-heading\"><a href=\"http:\/\/actionsociale.wallonie.be\/insertion-activation-aide-sociale\" target=\"_blank\" rel=\"noreferrer noopener\">Le site du Service&nbsp;Public&nbsp;Action&nbsp;Sociale&nbsp;Wallonie<\/a><a rel=\"noreferrer noopener\" href=\"http:\/\/actionsociale.wallonie.be\/insertion-activation-aide-sociale\" target=\"_blank\"><\/a><\/h4>\n\n\n\n<p>(pour les b\u00e9n\u00e9ficiaires du revenu d\u2019int\u00e9gration social ou de l\u2019aide sociale financi\u00e8re \u00e9quivalente)<\/p>\n\n\n\n<p><strong>Vous souhaitez des informations sur la r\u00e9glementation du travail&nbsp;?<\/strong><br>Consultez le site suivant:<\/p>\n\n\n\n<h4 class=\"wp-block-heading\"><a href=\"http:\/\/www.emploi.belgique.be\/\" target=\"_blank\" rel=\"noreferrer noopener\">Site du SPF emploi<\/a><\/h4>\n","protected":false},"excerpt":{"rendered":"<p>Vous souhaitez plus d\u2019informations sur les aides \u00e0 l\u2019emploi&nbsp;? Consultez les sites suivants&nbsp;: Le site du FOREM Le site du Service&nbsp;Public&nbsp;Action&nbsp;Sociale&nbsp;Wallonie (pour les b\u00e9n\u00e9ficiaires du revenu d\u2019int\u00e9gration social ou de l\u2019aide sociale financi\u00e8re \u00e9quivalente) Vous souhaitez des informations sur la r\u00e9glementation du travail&nbsp;?Consultez le site suivant: Site du SPF emploi<\/p>\n","protected":false},"author":2,"featured_media":0,"parent":0,"menu_order":0,"comment_status":"closed","ping_status":"closed","template":"","meta":{"footnotes":""},"class_list":["post-38","page","type-page","status-publish","hentry"],"_links":{"self":[{"href":"https:\/\/latetedelemploi.be\/index.php\/wp-json\/wp\/v2\/pages\/38","targetHints":{"allow":["GET"]}}],"collection":[{"href":"https:\/\/latetedelemploi.be\/index.php\/wp-json\/wp\/v2\/pages"}],"about":[{"href":"https:\/\/latetedelemploi.be\/index.php\/wp-json\/wp\/v2\/types\/page"}],"author":[{"embeddable":true,"href":"https:\/\/latetedelemploi.be\/index.php\/wp-json\/wp\/v2\/users\/2"}],"replies":[{"embeddable":true,"href":"https:\/\/latetedelemploi.be\/index.php\/wp-json\/wp\/v2\/comments?post=38"}],"version-history":[{"count":1,"href":"https:\/\/latetedelemploi.be\/index.php\/wp-json\/wp\/v2\/pages\/38\/revisions"}],"predecessor-version":[{"id":39,"href":"https:\/\/latetedelemploi.be\/index.php\/wp-json\/wp\/v2\/pages\/38\/revisions\/39"}],"wp:attachment":[{"href":"https:\/\/latetedelemploi.be\/index.php\/wp-json\/wp\/v2\/media?parent=38"}],"curies":[{"name":"wp","href":"https:\/\/api.w.org\/{rel}","templated":true}]}}