{"id":36,"date":"2023-01-12T09:54:20","date_gmt":"2023-01-12T08:54:20","guid":{"rendered":"http:\/\/mlcpree.cluster029.hosting.ovh.net\/?page_id=36"},"modified":"2023-01-27T09:51:02","modified_gmt":"2023-01-27T08:51:02","slug":"qui-sommes-nous","status":"publish","type":"page","link":"https:\/\/latetedelemploi.be\/index.php\/qui-sommes-nous\/","title":{"rendered":"Qui sommes-nous?"},"content":{"rendered":"\n<p>Le Service de job Coaching du Centre Public d\u2019Action Sociale d\u2019Ans.<br>Nous travaillons avec des chercheurs d\u2019emploi de tous profils quel que soit leur statut (ch\u00f4meurs ou non indemnis\u00e9s), leur qualification ou leur parcours professionnel (dipl\u00f4m\u00e9s ou non de l\u2019enseignement sup\u00e9rieur, anciens ind\u00e9pendants, jeunes d\u00e9butant leur carri\u00e8re professionnelle\u2026)<\/p>\n\n\n\n<p>Des candidats ne demandant qu\u2019\u00e0 faire leurs preuves et \u00e0 retrouver un emploi rapidement.<\/p>\n\n\n\n<p><strong>Quelles sont nos actions ?<\/strong><\/p>\n\n\n\n<p><strong>Sur le plan r\u00e9gional:<\/strong><br>Nous avons cr\u00e9\u00e9 et animons ce site internet pour aider\/soutenir\/orienter l\u2019ensemble des chercheurs d\u2019emploi. Nos charg\u00e9s d\u2019entreprises contactent les employeurs afin de conna\u00eetre leur(s) mode(s) de recrutement afin de mieux orienter les demandeurs d\u2019emploi dans leurs d\u00e9marches.<\/p>\n\n\n\n<p><strong>Sur le plan local:<\/strong><br>Nous proposons \u00e0 tout chercheur d\u2019emploi r\u00e9sidant \u00e0 Ans un accompagnement personnalis\u00e9 dans sa recherche emploi.<\/p>\n\n\n\n<p>Notre programme de job coaching a pour objectif de d\u00e9finir un projet professionnel clair, pr\u00e9cis et r\u00e9aliste par l\u2019interm\u00e9diaire d\u2019un bilan de comp\u00e9tences et d\u2019int\u00e9r\u00eats, de familiariser les personnes aux techniques et outils de recherche emploi, de donner des informations sur le secteur d\u2019activit\u00e9 souhait\u00e9 et sur le march\u00e9 de l\u2019emploi.<\/p>\n\n\n\n<p>Nous d\u00e9veloppons des partenariats avec les entreprises :<\/p>\n\n\n\n<p><strong>\u2192 Nous offrons la possibilit\u00e9 aux chercheurs d\u2019emploi d\u2019effectuer un stage<\/strong><\/p>\n\n\n\n<p><strong>\u2192 Nous rencontrons les employeurs afin de les informer sur les aides \u00e0 l\u2019emploi sp\u00e9cifiques \u00e0 nos candidats<\/strong><\/p>\n\n\n\n<p>Une \u00e9quipe de professionnels encadre et facilite tout type de contact entre les demandeurs d\u2019emploi et les employeurs.<\/p>\n\n\n\n<p><strong>Service de Job Coaching :<\/strong><\/p>\n\n\n\n<p>rue des Ecoles 11<br>4430 Ans<br>04\/247.74.45<br>maxime.benvissuto@ans-cpas.be<\/p>\n","protected":false},"excerpt":{"rendered":"<p>Le Service de job Coaching du Centre Public d\u2019Action Sociale d\u2019Ans.Nous travaillons avec des chercheurs d\u2019emploi de tous profils quel que soit leur statut (ch\u00f4meurs ou non indemnis\u00e9s), leur qualification ou leur parcours professionnel (dipl\u00f4m\u00e9s ou non de l\u2019enseignement sup\u00e9rieur, anciens ind\u00e9pendants, jeunes d\u00e9butant leur carri\u00e8re professionnelle\u2026) Des candidats ne demandant qu\u2019\u00e0 faire leurs preuves [&hellip;]<\/p>\n","protected":false},"author":2,"featured_media":0,"parent":0,"menu_order":0,"comment_status":"closed","ping_status":"closed","template":"","meta":{"footnotes":""},"class_list":["post-36","page","type-page","status-publish","hentry"],"_links":{"self":[{"href":"https:\/\/latetedelemploi.be\/index.php\/wp-json\/wp\/v2\/pages\/36","targetHints":{"allow":["GET"]}}],"collection":[{"href":"https:\/\/latetedelemploi.be\/index.php\/wp-json\/wp\/v2\/pages"}],"about":[{"href":"https:\/\/latetedelemploi.be\/index.php\/wp-json\/wp\/v2\/types\/page"}],"author":[{"embeddable":true,"href":"https:\/\/latetedelemploi.be\/index.php\/wp-json\/wp\/v2\/users\/2"}],"replies":[{"embeddable":true,"href":"https:\/\/latetedelemploi.be\/index.php\/wp-json\/wp\/v2\/comments?post=36"}],"version-history":[{"count":2,"href":"https:\/\/latetedelemploi.be\/index.php\/wp-json\/wp\/v2\/pages\/36\/revisions"}],"predecessor-version":[{"id":1039,"href":"https:\/\/latetedelemploi.be\/index.php\/wp-json\/wp\/v2\/pages\/36\/revisions\/1039"}],"wp:attachment":[{"href":"https:\/\/latetedelemploi.be\/index.php\/wp-json\/wp\/v2\/media?parent=36"}],"curies":[{"name":"wp","href":"https:\/\/api.w.org\/{rel}","templated":true}]}}