{"id":1040,"date":"2023-01-27T10:02:02","date_gmt":"2023-01-27T09:02:02","guid":{"rendered":"http:\/\/mlcpree.cluster029.hosting.ovh.net\/?page_id=1040"},"modified":"2023-01-27T11:56:39","modified_gmt":"2023-01-27T10:56:39","slug":"avantages-a-lembauche-2","status":"publish","type":"page","link":"https:\/\/latetedelemploi.be\/index.php\/avantages-a-lembauche-2\/","title":{"rendered":"Avantages \u00e0 l&#8217;embauche"},"content":{"rendered":"\n<p>Vous souhaitez engager un travailleur&nbsp;? Christelle Borboux, notre charg\u00e9e de relations avec les entreprises peut d\u00e9terminer avec vous les avantages financiers dont vous pouvez b\u00e9n\u00e9ficier en cas d&#8217;engagement d&#8217;un candidat accompagn\u00e9 par notre service.<\/p>\n\n\n\n<p>Elle se d\u00e9placera \u00e0 votre entreprise pour \u00e9tudier la formule la plus adapt\u00e9e \u00e0 votre situation.<\/p>\n\n\n\n<p class=\"has-text-align-center\">Pour prendre contact avec notre responsable des relations entreprises&nbsp;:<\/p>\n\n\n\n<p class=\"has-text-align-center\"><strong>Christelle Borboux<\/strong><\/p>\n\n\n\n<p class=\"has-text-align-center\"><strong>04\/247 74 40<\/strong><\/p>\n\n\n\n<p class=\"has-text-align-center\"><strong>0491\/16 75 86<\/strong><\/p>\n\n\n\n<p class=\"has-text-align-center\"><strong><a href=\"mailto:christelle.borboux@ans-cpas.be\">christelle.borboux@ans-cpas.be<\/a><\/strong><\/p>\n\n\n\n<p>Informations sur les contrats de travail:<\/p>\n\n\n\n<p><a href=\"https:\/\/latetedelemploi.be\/index.php\/la-mise-a-disposition-dans-le-cadre-de-larticle-60-prive\/\" target=\"_blank\" rel=\"noreferrer noopener\">Contrat de travail avec la mise \u00e0 disposition dans le cadre de la mesure du contrat de travail Article 60$7<\/a><\/p>\n\n\n\n<p><a href=\"https:\/\/latetedelemploi.be\/index.php\/contrat-de-travail-avec-le-dispositif-contrat-article-61\/\" target=\"_blank\" rel=\"noreferrer noopener\">Contrat de travail avec le dispositif contrat Article 61 <\/a><\/p>\n","protected":false},"excerpt":{"rendered":"<p>Vous souhaitez engager un travailleur&nbsp;? Christelle Borboux, notre charg\u00e9e de relations avec les entreprises peut d\u00e9terminer avec vous les avantages financiers dont vous pouvez b\u00e9n\u00e9ficier en cas d&#8217;engagement d&#8217;un candidat accompagn\u00e9 par notre service. Elle se d\u00e9placera \u00e0 votre entreprise pour \u00e9tudier la formule la plus adapt\u00e9e \u00e0 votre situation. Pour prendre contact avec notre [&hellip;]<\/p>\n","protected":false},"author":2,"featured_media":0,"parent":0,"menu_order":0,"comment_status":"closed","ping_status":"closed","template":"","meta":{"footnotes":""},"class_list":["post-1040","page","type-page","status-publish","hentry"],"_links":{"self":[{"href":"https:\/\/latetedelemploi.be\/index.php\/wp-json\/wp\/v2\/pages\/1040","targetHints":{"allow":["GET"]}}],"collection":[{"href":"https:\/\/latetedelemploi.be\/index.php\/wp-json\/wp\/v2\/pages"}],"about":[{"href":"https:\/\/latetedelemploi.be\/index.php\/wp-json\/wp\/v2\/types\/page"}],"author":[{"embeddable":true,"href":"https:\/\/latetedelemploi.be\/index.php\/wp-json\/wp\/v2\/users\/2"}],"replies":[{"embeddable":true,"href":"https:\/\/latetedelemploi.be\/index.php\/wp-json\/wp\/v2\/comments?post=1040"}],"version-history":[{"count":10,"href":"https:\/\/latetedelemploi.be\/index.php\/wp-json\/wp\/v2\/pages\/1040\/revisions"}],"predecessor-version":[{"id":1077,"href":"https:\/\/latetedelemploi.be\/index.php\/wp-json\/wp\/v2\/pages\/1040\/revisions\/1077"}],"wp:attachment":[{"href":"https:\/\/latetedelemploi.be\/index.php\/wp-json\/wp\/v2\/media?parent=1040"}],"curies":[{"name":"wp","href":"https:\/\/api.w.org\/{rel}","templated":true}]}}