{"id":1025,"date":"2023-01-27T09:35:30","date_gmt":"2023-01-27T08:35:30","guid":{"rendered":"http:\/\/mlcpree.cluster029.hosting.ovh.net\/?page_id=1025"},"modified":"2023-01-27T09:35:30","modified_gmt":"2023-01-27T08:35:30","slug":"diffuser-des-offres-demploi","status":"publish","type":"page","link":"https:\/\/latetedelemploi.be\/index.php\/diffuser-des-offres-demploi\/","title":{"rendered":"Diffuser des offres d&#8217;emploi"},"content":{"rendered":"\n<p>Vous recrutez et vous souhaitez diffuser votre annonce gratuitement? Nous pouvons la diffuser sur&nbsp;notre site internet&nbsp;et notre&nbsp;<a href=\"https:\/\/www.facebook.com\/latetedelemploi.be\" target=\"_blank\" rel=\"noreferrer noopener\">page Facebook<\/a>.<\/p>\n\n\n\n<p>Votre entreprise souhaite recevoir des candidatures spontan\u00e9es afin de pouvoir contacter rapidement de nouveaux collaborateurs&nbsp;?<\/p>\n\n\n\n<p>Si vous disposez d&#8217;un site internet reprenant une rubrique job, nous proposons directement un lien pour y orienter les chercheurs d&#8217;emploi.<\/p>\n\n\n\n<p>Si vous ne disposez pas de site internet ou de rubrique job, nous \u00e9tablissons une fiche permettant aux chercheurs d&#8217;emploi de visualiser \u00e0 qui et comment introduire sa candidature. Nous les informons des profils pr\u00e9cis qui sont susceptibles de retenir votre attention. De cette mani\u00e8re, vous recevez des cv correspondant vraiment \u00e0 vos attentes.<\/p>\n\n\n\n<p>Votre entreprise recrute et vous souhaitez donner une plus grande visibilit\u00e9 \u00e0 votre annonce&nbsp;? En plus des moyens que vous choisissez pour diffuser votre offre, nous pouvons relayer l&#8217;information sur notre site. Vous augmenter vos chances de trouver le bon collaborateur.<\/p>\n\n\n\n<p>Pour b\u00e9n\u00e9ficier de l&#8217;un de ces services ou obtenir tout renseignement compl\u00e9mentaire, transmettez-nous tout simplement vos coordonn\u00e9es. Un de nos charg\u00e9s des relations entreprises prendra contact avec vous.<\/p>\n","protected":false},"excerpt":{"rendered":"<p>Vous recrutez et vous souhaitez diffuser votre annonce gratuitement? Nous pouvons la diffuser sur&nbsp;notre site internet&nbsp;et notre&nbsp;page Facebook. Votre entreprise souhaite recevoir des candidatures spontan\u00e9es afin de pouvoir contacter rapidement de nouveaux collaborateurs&nbsp;? Si vous disposez d&#8217;un site internet reprenant une rubrique job, nous proposons directement un lien pour y orienter les chercheurs d&#8217;emploi. Si [&hellip;]<\/p>\n","protected":false},"author":2,"featured_media":0,"parent":0,"menu_order":0,"comment_status":"closed","ping_status":"closed","template":"","meta":{"footnotes":""},"class_list":["post-1025","page","type-page","status-publish","hentry"],"_links":{"self":[{"href":"https:\/\/latetedelemploi.be\/index.php\/wp-json\/wp\/v2\/pages\/1025","targetHints":{"allow":["GET"]}}],"collection":[{"href":"https:\/\/latetedelemploi.be\/index.php\/wp-json\/wp\/v2\/pages"}],"about":[{"href":"https:\/\/latetedelemploi.be\/index.php\/wp-json\/wp\/v2\/types\/page"}],"author":[{"embeddable":true,"href":"https:\/\/latetedelemploi.be\/index.php\/wp-json\/wp\/v2\/users\/2"}],"replies":[{"embeddable":true,"href":"https:\/\/latetedelemploi.be\/index.php\/wp-json\/wp\/v2\/comments?post=1025"}],"version-history":[{"count":1,"href":"https:\/\/latetedelemploi.be\/index.php\/wp-json\/wp\/v2\/pages\/1025\/revisions"}],"predecessor-version":[{"id":1026,"href":"https:\/\/latetedelemploi.be\/index.php\/wp-json\/wp\/v2\/pages\/1025\/revisions\/1026"}],"wp:attachment":[{"href":"https:\/\/latetedelemploi.be\/index.php\/wp-json\/wp\/v2\/media?parent=1025"}],"curies":[{"name":"wp","href":"https:\/\/api.w.org\/{rel}","templated":true}]}}